{"id":181,"date":"2023-07-20T14:49:03","date_gmt":"2023-07-20T14:49:03","guid":{"rendered":"https:\/\/voco-venice.ms.decms.eu\/cosa-fare-nei-dintorni\/monumenti-e-parchi\/"},"modified":"2023-08-29T15:41:24","modified_gmt":"2023-08-29T15:41:24","slug":"denkmaeler-und-parks","status":"publish","type":"page","link":"https:\/\/www.quidhotelvenice.com\/de\/was-man-in-der-umgebung-unternehmen-kann\/denkmaeler-und-parks\/","title":{"rendered":"Denkm\u00e4ler und Parks"},"content":{"rendered":"<p><span style=\"font-weight: 400;\">M\u00f6chten Sie wissen, welche Denkm\u00e4ler oder Parks Sie auf keinen Fall verpassen d\u00fcrfen, wenn Sie im <\/span><b>voco\u00ae Venice Mestre <\/b><span style=\"font-weight: 400;\">\u00fcbernachten? Dann ist diese Seite genau das Richtige f\u00fcr Sie! Lassen Sie uns gemeinsam die unvergleichlichen Juwelen Venetiens entdecken.<\/span><\/p>\n","protected":false},"excerpt":{"rendered":"<p>M\u00f6chten Sie wissen, welche Denkm\u00e4ler oder Parks Sie auf keinen Fall verpassen d\u00fcrfen, wenn Sie im voco\u00ae Venice Mestre \u00fcbernachten? Dann ist diese Seite genau das Richtige f\u00fcr Sie! Lassen Sie uns gemeinsam die unvergleichlichen Juwelen Venetiens entdecken.<\/p>\n","protected":false},"author":6,"featured_media":941,"parent":167,"menu_order":103,"comment_status":"closed","ping_status":"closed","template":"template-default-4.php","meta":{"footnotes":""},"class_list":["post-181","page","type-page","status-publish","has-post-thumbnail","hentry"],"yoast_head":"<!-- This site is optimized with the Yoast SEO plugin v26.9 - https:\/\/yoast.com\/product\/yoast-seo-wordpress\/ -->\n<title>Denkm\u00e4ler und Parks nahe Venedig | voco\u00ae Venice Mestre<\/title>\n<meta name=\"description\" content=\"Besuchen Sie die St\u00e4dte rund um Venedig: Monumente und bezaubernde Parks zwischen Treviso und Padua erwarten Sie in den Tipps des voco\u00ae Venice Mestre.\" \/>\n<meta name=\"robots\" content=\"index, follow, max-snippet:-1, max-image-preview:large, max-video-preview:-1\" \/>\n<link rel=\"canonical\" href=\"https:\/\/www.quidhotelvenice.com\/de\/was-man-in-der-umgebung-unternehmen-kann\/denkmaeler-und-parks\/\" \/>\n<meta property=\"og:locale\" content=\"de_DE\" \/>\n<meta property=\"og:type\" content=\"article\" \/>\n<meta property=\"og:title\" content=\"Denkm\u00e4ler und Parks nahe Venedig | voco\u00ae Venice Mestre\" \/>\n<meta property=\"og:description\" content=\"Besuchen Sie die St\u00e4dte rund um Venedig: Monumente und bezaubernde Parks zwischen Treviso und Padua erwarten Sie in den Tipps des voco\u00ae Venice Mestre.\" \/>\n<meta property=\"og:url\" content=\"https:\/\/www.quidhotelvenice.com\/de\/was-man-in-der-umgebung-unternehmen-kann\/denkmaeler-und-parks\/\" \/>\n<meta property=\"og:site_name\" content=\"Voco Venice Mestre\" \/>\n<meta property=\"article:modified_time\" content=\"2023-08-29T15:41:24+00:00\" \/>\n<meta property=\"og:image\" content=\"https:\/\/www.quidhotelvenice.com\/wp-content\/uploads\/sites\/557\/2023\/07\/Tourist-Visiting-voco-Venice-Mestre-The-Quid.jpg\" \/>\n\t<meta property=\"og:image:width\" content=\"2200\" \/>\n\t<meta property=\"og:image:height\" content=\"1200\" \/>\n\t<meta property=\"og:image:type\" content=\"image\/jpeg\" \/>\n<meta name=\"twitter:card\" content=\"summary_large_image\" \/>\n<script type=\"application\/ld+json\" class=\"yoast-schema-graph\">{\"@context\":\"https:\/\/schema.org\",\"@graph\":[{\"@type\":\"WebPage\",\"@id\":\"https:\/\/www.quidhotelvenice.com\/de\/was-man-in-der-umgebung-unternehmen-kann\/denkmaeler-und-parks\/\",\"url\":\"https:\/\/www.quidhotelvenice.com\/de\/was-man-in-der-umgebung-unternehmen-kann\/denkmaeler-und-parks\/\",\"name\":\"Denkm\u00e4ler und Parks nahe Venedig | voco\u00ae Venice Mestre\",\"isPartOf\":{\"@id\":\"https:\/\/www.quidhotelvenice.com\/de\/#website\"},\"primaryImageOfPage\":{\"@id\":\"https:\/\/www.quidhotelvenice.com\/de\/was-man-in-der-umgebung-unternehmen-kann\/denkmaeler-und-parks\/#primaryimage\"},\"image\":{\"@id\":\"https:\/\/www.quidhotelvenice.com\/de\/was-man-in-der-umgebung-unternehmen-kann\/denkmaeler-und-parks\/#primaryimage\"},\"thumbnailUrl\":\"https:\/\/www.quidhotelvenice.com\/wp-content\/uploads\/sites\/557\/2023\/07\/Tourist-Visiting-voco-Venice-Mestre-The-Quid.jpg\",\"datePublished\":\"2023-07-20T14:49:03+00:00\",\"dateModified\":\"2023-08-29T15:41:24+00:00\",\"description\":\"Besuchen Sie die St\u00e4dte rund um Venedig: Monumente und bezaubernde Parks zwischen Treviso und Padua erwarten Sie in den Tipps des voco\u00ae Venice Mestre.\",\"breadcrumb\":{\"@id\":\"https:\/\/www.quidhotelvenice.com\/de\/was-man-in-der-umgebung-unternehmen-kann\/denkmaeler-und-parks\/#breadcrumb\"},\"inLanguage\":\"de-DE\",\"potentialAction\":[{\"@type\":\"ReadAction\",\"target\":[\"https:\/\/www.quidhotelvenice.com\/de\/was-man-in-der-umgebung-unternehmen-kann\/denkmaeler-und-parks\/\"]}]},{\"@type\":\"ImageObject\",\"inLanguage\":\"de-DE\",\"@id\":\"https:\/\/www.quidhotelvenice.com\/de\/was-man-in-der-umgebung-unternehmen-kann\/denkmaeler-und-parks\/#primaryimage\",\"url\":\"https:\/\/www.quidhotelvenice.com\/wp-content\/uploads\/sites\/557\/2023\/07\/Tourist-Visiting-voco-Venice-Mestre-The-Quid.jpg\",\"contentUrl\":\"https:\/\/www.quidhotelvenice.com\/wp-content\/uploads\/sites\/557\/2023\/07\/Tourist-Visiting-voco-Venice-Mestre-The-Quid.jpg\",\"width\":2200,\"height\":1200},{\"@type\":\"BreadcrumbList\",\"@id\":\"https:\/\/www.quidhotelvenice.com\/de\/was-man-in-der-umgebung-unternehmen-kann\/denkmaeler-und-parks\/#breadcrumb\",\"itemListElement\":[{\"@type\":\"ListItem\",\"position\":1,\"name\":\"Home\",\"item\":\"https:\/\/www.quidhotelvenice.com\/de\/\"},{\"@type\":\"ListItem\",\"position\":2,\"name\":\"Was man in der Umgebung unternehmen kann\",\"item\":\"https:\/\/www.quidhotelvenice.com\/de\/was-man-in-der-umgebung-unternehmen-kann\/\"},{\"@type\":\"ListItem\",\"position\":3,\"name\":\"Denkm\u00e4ler und Parks\"}]},{\"@type\":\"WebSite\",\"@id\":\"https:\/\/www.quidhotelvenice.com\/de\/#website\",\"url\":\"https:\/\/www.quidhotelvenice.com\/de\/\",\"name\":\"Voco Venice Mestre\",\"description\":\"\",\"potentialAction\":[{\"@type\":\"SearchAction\",\"target\":{\"@type\":\"EntryPoint\",\"urlTemplate\":\"https:\/\/www.quidhotelvenice.com\/de\/?s={search_term_string}\"},\"query-input\":{\"@type\":\"PropertyValueSpecification\",\"valueRequired\":true,\"valueName\":\"search_term_string\"}}],\"inLanguage\":\"de-DE\"}]}<\/script>\n<!-- \/ Yoast SEO plugin. -->","yoast_head_json":{"title":"Denkm\u00e4ler und Parks nahe Venedig | voco\u00ae Venice Mestre","description":"Besuchen Sie die St\u00e4dte rund um Venedig: Monumente und bezaubernde Parks zwischen Treviso und Padua erwarten Sie in den Tipps des voco\u00ae Venice Mestre.","robots":{"index":"index","follow":"follow","max-snippet":"max-snippet:-1","max-image-preview":"max-image-preview:large","max-video-preview":"max-video-preview:-1"},"canonical":"https:\/\/www.quidhotelvenice.com\/de\/was-man-in-der-umgebung-unternehmen-kann\/denkmaeler-und-parks\/","og_locale":"de_DE","og_type":"article","og_title":"Denkm\u00e4ler und Parks nahe Venedig | voco\u00ae Venice Mestre","og_description":"Besuchen Sie die St\u00e4dte rund um Venedig: Monumente und bezaubernde Parks zwischen Treviso und Padua erwarten Sie in den Tipps des voco\u00ae Venice Mestre.","og_url":"https:\/\/www.quidhotelvenice.com\/de\/was-man-in-der-umgebung-unternehmen-kann\/denkmaeler-und-parks\/","og_site_name":"Voco Venice Mestre","article_modified_time":"2023-08-29T15:41:24+00:00","og_image":[{"width":2200,"height":1200,"url":"https:\/\/www.quidhotelvenice.com\/wp-content\/uploads\/sites\/557\/2023\/07\/Tourist-Visiting-voco-Venice-Mestre-The-Quid.jpg","type":"image\/jpeg"}],"twitter_card":"summary_large_image","schema":{"@context":"https:\/\/schema.org","@graph":[{"@type":"WebPage","@id":"https:\/\/www.quidhotelvenice.com\/de\/was-man-in-der-umgebung-unternehmen-kann\/denkmaeler-und-parks\/","url":"https:\/\/www.quidhotelvenice.com\/de\/was-man-in-der-umgebung-unternehmen-kann\/denkmaeler-und-parks\/","name":"Denkm\u00e4ler und Parks nahe Venedig | voco\u00ae Venice Mestre","isPartOf":{"@id":"https:\/\/www.quidhotelvenice.com\/de\/#website"},"primaryImageOfPage":{"@id":"https:\/\/www.quidhotelvenice.com\/de\/was-man-in-der-umgebung-unternehmen-kann\/denkmaeler-und-parks\/#primaryimage"},"image":{"@id":"https:\/\/www.quidhotelvenice.com\/de\/was-man-in-der-umgebung-unternehmen-kann\/denkmaeler-und-parks\/#primaryimage"},"thumbnailUrl":"https:\/\/www.quidhotelvenice.com\/wp-content\/uploads\/sites\/557\/2023\/07\/Tourist-Visiting-voco-Venice-Mestre-The-Quid.jpg","datePublished":"2023-07-20T14:49:03+00:00","dateModified":"2023-08-29T15:41:24+00:00","description":"Besuchen Sie die St\u00e4dte rund um Venedig: Monumente und bezaubernde Parks zwischen Treviso und Padua erwarten Sie in den Tipps des voco\u00ae Venice Mestre.","breadcrumb":{"@id":"https:\/\/www.quidhotelvenice.com\/de\/was-man-in-der-umgebung-unternehmen-kann\/denkmaeler-und-parks\/#breadcrumb"},"inLanguage":"de-DE","potentialAction":[{"@type":"ReadAction","target":["https:\/\/www.quidhotelvenice.com\/de\/was-man-in-der-umgebung-unternehmen-kann\/denkmaeler-und-parks\/"]}]},{"@type":"ImageObject","inLanguage":"de-DE","@id":"https:\/\/www.quidhotelvenice.com\/de\/was-man-in-der-umgebung-unternehmen-kann\/denkmaeler-und-parks\/#primaryimage","url":"https:\/\/www.quidhotelvenice.com\/wp-content\/uploads\/sites\/557\/2023\/07\/Tourist-Visiting-voco-Venice-Mestre-The-Quid.jpg","contentUrl":"https:\/\/www.quidhotelvenice.com\/wp-content\/uploads\/sites\/557\/2023\/07\/Tourist-Visiting-voco-Venice-Mestre-The-Quid.jpg","width":2200,"height":1200},{"@type":"BreadcrumbList","@id":"https:\/\/www.quidhotelvenice.com\/de\/was-man-in-der-umgebung-unternehmen-kann\/denkmaeler-und-parks\/#breadcrumb","itemListElement":[{"@type":"ListItem","position":1,"name":"Home","item":"https:\/\/www.quidhotelvenice.com\/de\/"},{"@type":"ListItem","position":2,"name":"Was man in der Umgebung unternehmen kann","item":"https:\/\/www.quidhotelvenice.com\/de\/was-man-in-der-umgebung-unternehmen-kann\/"},{"@type":"ListItem","position":3,"name":"Denkm\u00e4ler und Parks"}]},{"@type":"WebSite","@id":"https:\/\/www.quidhotelvenice.com\/de\/#website","url":"https:\/\/www.quidhotelvenice.com\/de\/","name":"Voco Venice Mestre","description":"","potentialAction":[{"@type":"SearchAction","target":{"@type":"EntryPoint","urlTemplate":"https:\/\/www.quidhotelvenice.com\/de\/?s={search_term_string}"},"query-input":{"@type":"PropertyValueSpecification","valueRequired":true,"valueName":"search_term_string"}}],"inLanguage":"de-DE"}]}},"acf":[],"_links":{"self":[{"href":"https:\/\/www.quidhotelvenice.com\/de\/wp-json\/wp\/v2\/pages\/181","targetHints":{"allow":["GET"]}}],"collection":[{"href":"https:\/\/www.quidhotelvenice.com\/de\/wp-json\/wp\/v2\/pages"}],"about":[{"href":"https:\/\/www.quidhotelvenice.com\/de\/wp-json\/wp\/v2\/types\/page"}],"author":[{"embeddable":true,"href":"https:\/\/www.quidhotelvenice.com\/de\/wp-json\/wp\/v2\/users\/6"}],"replies":[{"embeddable":true,"href":"https:\/\/www.quidhotelvenice.com\/de\/wp-json\/wp\/v2\/comments?post=181"}],"version-history":[{"count":0,"href":"https:\/\/www.quidhotelvenice.com\/de\/wp-json\/wp\/v2\/pages\/181\/revisions"}],"up":[{"embeddable":true,"href":"https:\/\/www.quidhotelvenice.com\/de\/wp-json\/wp\/v2\/pages\/167"}],"wp:featuredmedia":[{"embeddable":true,"href":"https:\/\/www.quidhotelvenice.com\/de\/wp-json\/wp\/v2\/media\/941"}],"wp:attachment":[{"href":"https:\/\/www.quidhotelvenice.com\/de\/wp-json\/wp\/v2\/media?parent=181"}],"curies":[{"name":"wp","href":"https:\/\/api.w.org\/{rel}","templated":true}]}}