{"id":177,"date":"2023-07-20T14:47:44","date_gmt":"2023-07-20T14:47:44","guid":{"rendered":"https:\/\/voco-venice.ms.decms.eu\/cosa-fare-nei-dintorni\/citta-nei-dintorni\/"},"modified":"2023-08-29T15:40:20","modified_gmt":"2023-08-29T15:40:20","slug":"staedte-in-der-umgebung","status":"publish","type":"page","link":"https:\/\/www.quidhotelvenice.com\/de\/was-man-in-der-umgebung-unternehmen-kann\/staedte-in-der-umgebung\/","title":{"rendered":"St\u00e4dte in der Umgebung"},"content":{"rendered":"<p><span style=\"font-weight: 400;\">Sie suchen ein Hotel in der N\u00e4he von <\/span><b>Mestre <\/b><span style=\"font-weight: 400;\">und <\/span><b>Venedig<\/b><span style=\"font-weight: 400;\">, von dem aus Sie auch Nachbarst\u00e4dte wie <\/span><b>Treviso <\/b><span style=\"font-weight: 400;\">und <\/span><b>Vicenza <\/b><span style=\"font-weight: 400;\">leicht erreichen k\u00f6nnen? Das <\/span><b>voco\u00ae Venice Mestre <\/b><span style=\"font-weight: 400;\">ist genau das Richtige f\u00fcr Sie! Nur zwei Minuten von der Autobahnauffahrt der A4 entfernt, befindet es sich in einer strategisch g\u00fcnstigen Lage, um die sch\u00f6nsten St\u00e4dte der Region Venetien bequem zu besuchen.<\/span><span style=\"font-weight: 400;\"><br \/>\n<\/span><\/p>\n<p><span style=\"font-weight: 400;\">Auf dieser Seite finden Sie einen kurzen \u00dcberblick \u00fcber Treviso, Padua und Vicenza, St\u00e4dte mit antikem Charme, die zu vers\u00e4umen eine Schande w\u00e4re &#8211; Ehrenwort von <\/span><b>voco\u00ae!<\/b><\/p>\n","protected":false},"excerpt":{"rendered":"<p>Sie suchen ein Hotel in der N\u00e4he von Mestre und Venedig, von dem aus Sie auch Nachbarst\u00e4dte wie Treviso und Vicenza leicht erreichen k\u00f6nnen? Das voco\u00ae Venice Mestre ist genau das Richtige f\u00fcr Sie! Nur zwei Minuten von der Autobahnauffahrt der A4 entfernt, befindet es sich in einer strategisch g\u00fcnstigen Lage, um die sch\u00f6nsten St\u00e4dte [&hellip;]<\/p>\n","protected":false},"author":6,"featured_media":924,"parent":167,"menu_order":102,"comment_status":"closed","ping_status":"closed","template":"template-default-4.php","meta":{"footnotes":""},"class_list":["post-177","page","type-page","status-publish","has-post-thumbnail","hentry"],"yoast_head":"<!-- This site is optimized with the Yoast SEO plugin v26.9 - https:\/\/yoast.com\/product\/yoast-seo-wordpress\/ -->\n<title>St\u00e4dte nahe Venedig | voco\u00ae Venice Mestre - The Quid<\/title>\n<meta name=\"description\" content=\"Erkunden Sie die Gegend um Venedig f\u00fcr einen abenteuerlichen Urlaub. Lassen Sie sich von voco\u00ae durch Treviso, Padua und bezaubernde D\u00f6rfer f\u00fchren.\" \/>\n<meta name=\"robots\" content=\"index, follow, max-snippet:-1, max-image-preview:large, max-video-preview:-1\" \/>\n<link rel=\"canonical\" href=\"https:\/\/www.quidhotelvenice.com\/de\/was-man-in-der-umgebung-unternehmen-kann\/staedte-in-der-umgebung\/\" \/>\n<meta property=\"og:locale\" content=\"de_DE\" \/>\n<meta property=\"og:type\" content=\"article\" \/>\n<meta property=\"og:title\" content=\"St\u00e4dte nahe Venedig | voco\u00ae Venice Mestre - The Quid\" \/>\n<meta property=\"og:description\" content=\"Erkunden Sie die Gegend um Venedig f\u00fcr einen abenteuerlichen Urlaub. Lassen Sie sich von voco\u00ae durch Treviso, Padua und bezaubernde D\u00f6rfer f\u00fchren.\" \/>\n<meta property=\"og:url\" content=\"https:\/\/www.quidhotelvenice.com\/de\/was-man-in-der-umgebung-unternehmen-kann\/staedte-in-der-umgebung\/\" \/>\n<meta property=\"og:site_name\" content=\"Voco Venice Mestre\" \/>\n<meta property=\"article:modified_time\" content=\"2023-08-29T15:40:20+00:00\" \/>\n<meta property=\"og:image\" content=\"https:\/\/www.quidhotelvenice.com\/wp-content\/uploads\/sites\/557\/2023\/07\/Treviso-voco-Venice-Mestre-The-Quid.jpg\" \/>\n\t<meta property=\"og:image:width\" content=\"2200\" \/>\n\t<meta property=\"og:image:height\" content=\"1200\" \/>\n\t<meta property=\"og:image:type\" content=\"image\/jpeg\" \/>\n<meta name=\"twitter:card\" content=\"summary_large_image\" \/>\n<script type=\"application\/ld+json\" class=\"yoast-schema-graph\">{\"@context\":\"https:\/\/schema.org\",\"@graph\":[{\"@type\":\"WebPage\",\"@id\":\"https:\/\/www.quidhotelvenice.com\/de\/was-man-in-der-umgebung-unternehmen-kann\/staedte-in-der-umgebung\/\",\"url\":\"https:\/\/www.quidhotelvenice.com\/de\/was-man-in-der-umgebung-unternehmen-kann\/staedte-in-der-umgebung\/\",\"name\":\"St\u00e4dte nahe Venedig | voco\u00ae Venice Mestre - The Quid\",\"isPartOf\":{\"@id\":\"https:\/\/www.quidhotelvenice.com\/de\/#website\"},\"primaryImageOfPage\":{\"@id\":\"https:\/\/www.quidhotelvenice.com\/de\/was-man-in-der-umgebung-unternehmen-kann\/staedte-in-der-umgebung\/#primaryimage\"},\"image\":{\"@id\":\"https:\/\/www.quidhotelvenice.com\/de\/was-man-in-der-umgebung-unternehmen-kann\/staedte-in-der-umgebung\/#primaryimage\"},\"thumbnailUrl\":\"https:\/\/www.quidhotelvenice.com\/wp-content\/uploads\/sites\/557\/2023\/07\/Treviso-voco-Venice-Mestre-The-Quid.jpg\",\"datePublished\":\"2023-07-20T14:47:44+00:00\",\"dateModified\":\"2023-08-29T15:40:20+00:00\",\"description\":\"Erkunden Sie die Gegend um Venedig f\u00fcr einen abenteuerlichen Urlaub. Lassen Sie sich von voco\u00ae durch Treviso, Padua und bezaubernde D\u00f6rfer f\u00fchren.\",\"breadcrumb\":{\"@id\":\"https:\/\/www.quidhotelvenice.com\/de\/was-man-in-der-umgebung-unternehmen-kann\/staedte-in-der-umgebung\/#breadcrumb\"},\"inLanguage\":\"de-DE\",\"potentialAction\":[{\"@type\":\"ReadAction\",\"target\":[\"https:\/\/www.quidhotelvenice.com\/de\/was-man-in-der-umgebung-unternehmen-kann\/staedte-in-der-umgebung\/\"]}]},{\"@type\":\"ImageObject\",\"inLanguage\":\"de-DE\",\"@id\":\"https:\/\/www.quidhotelvenice.com\/de\/was-man-in-der-umgebung-unternehmen-kann\/staedte-in-der-umgebung\/#primaryimage\",\"url\":\"https:\/\/www.quidhotelvenice.com\/wp-content\/uploads\/sites\/557\/2023\/07\/Treviso-voco-Venice-Mestre-The-Quid.jpg\",\"contentUrl\":\"https:\/\/www.quidhotelvenice.com\/wp-content\/uploads\/sites\/557\/2023\/07\/Treviso-voco-Venice-Mestre-The-Quid.jpg\",\"width\":2200,\"height\":1200},{\"@type\":\"BreadcrumbList\",\"@id\":\"https:\/\/www.quidhotelvenice.com\/de\/was-man-in-der-umgebung-unternehmen-kann\/staedte-in-der-umgebung\/#breadcrumb\",\"itemListElement\":[{\"@type\":\"ListItem\",\"position\":1,\"name\":\"Home\",\"item\":\"https:\/\/www.quidhotelvenice.com\/de\/\"},{\"@type\":\"ListItem\",\"position\":2,\"name\":\"Was man in der Umgebung unternehmen kann\",\"item\":\"https:\/\/www.quidhotelvenice.com\/de\/was-man-in-der-umgebung-unternehmen-kann\/\"},{\"@type\":\"ListItem\",\"position\":3,\"name\":\"St\u00e4dte in der Umgebung\"}]},{\"@type\":\"WebSite\",\"@id\":\"https:\/\/www.quidhotelvenice.com\/de\/#website\",\"url\":\"https:\/\/www.quidhotelvenice.com\/de\/\",\"name\":\"Voco Venice Mestre\",\"description\":\"\",\"potentialAction\":[{\"@type\":\"SearchAction\",\"target\":{\"@type\":\"EntryPoint\",\"urlTemplate\":\"https:\/\/www.quidhotelvenice.com\/de\/?s={search_term_string}\"},\"query-input\":{\"@type\":\"PropertyValueSpecification\",\"valueRequired\":true,\"valueName\":\"search_term_string\"}}],\"inLanguage\":\"de-DE\"}]}<\/script>\n<!-- \/ Yoast SEO plugin. -->","yoast_head_json":{"title":"St\u00e4dte nahe Venedig | voco\u00ae Venice Mestre - The Quid","description":"Erkunden Sie die Gegend um Venedig f\u00fcr einen abenteuerlichen Urlaub. Lassen Sie sich von voco\u00ae durch Treviso, Padua und bezaubernde D\u00f6rfer f\u00fchren.","robots":{"index":"index","follow":"follow","max-snippet":"max-snippet:-1","max-image-preview":"max-image-preview:large","max-video-preview":"max-video-preview:-1"},"canonical":"https:\/\/www.quidhotelvenice.com\/de\/was-man-in-der-umgebung-unternehmen-kann\/staedte-in-der-umgebung\/","og_locale":"de_DE","og_type":"article","og_title":"St\u00e4dte nahe Venedig | voco\u00ae Venice Mestre - The Quid","og_description":"Erkunden Sie die Gegend um Venedig f\u00fcr einen abenteuerlichen Urlaub. Lassen Sie sich von voco\u00ae durch Treviso, Padua und bezaubernde D\u00f6rfer f\u00fchren.","og_url":"https:\/\/www.quidhotelvenice.com\/de\/was-man-in-der-umgebung-unternehmen-kann\/staedte-in-der-umgebung\/","og_site_name":"Voco Venice Mestre","article_modified_time":"2023-08-29T15:40:20+00:00","og_image":[{"width":2200,"height":1200,"url":"https:\/\/www.quidhotelvenice.com\/wp-content\/uploads\/sites\/557\/2023\/07\/Treviso-voco-Venice-Mestre-The-Quid.jpg","type":"image\/jpeg"}],"twitter_card":"summary_large_image","schema":{"@context":"https:\/\/schema.org","@graph":[{"@type":"WebPage","@id":"https:\/\/www.quidhotelvenice.com\/de\/was-man-in-der-umgebung-unternehmen-kann\/staedte-in-der-umgebung\/","url":"https:\/\/www.quidhotelvenice.com\/de\/was-man-in-der-umgebung-unternehmen-kann\/staedte-in-der-umgebung\/","name":"St\u00e4dte nahe Venedig | voco\u00ae Venice Mestre - The Quid","isPartOf":{"@id":"https:\/\/www.quidhotelvenice.com\/de\/#website"},"primaryImageOfPage":{"@id":"https:\/\/www.quidhotelvenice.com\/de\/was-man-in-der-umgebung-unternehmen-kann\/staedte-in-der-umgebung\/#primaryimage"},"image":{"@id":"https:\/\/www.quidhotelvenice.com\/de\/was-man-in-der-umgebung-unternehmen-kann\/staedte-in-der-umgebung\/#primaryimage"},"thumbnailUrl":"https:\/\/www.quidhotelvenice.com\/wp-content\/uploads\/sites\/557\/2023\/07\/Treviso-voco-Venice-Mestre-The-Quid.jpg","datePublished":"2023-07-20T14:47:44+00:00","dateModified":"2023-08-29T15:40:20+00:00","description":"Erkunden Sie die Gegend um Venedig f\u00fcr einen abenteuerlichen Urlaub. Lassen Sie sich von voco\u00ae durch Treviso, Padua und bezaubernde D\u00f6rfer f\u00fchren.","breadcrumb":{"@id":"https:\/\/www.quidhotelvenice.com\/de\/was-man-in-der-umgebung-unternehmen-kann\/staedte-in-der-umgebung\/#breadcrumb"},"inLanguage":"de-DE","potentialAction":[{"@type":"ReadAction","target":["https:\/\/www.quidhotelvenice.com\/de\/was-man-in-der-umgebung-unternehmen-kann\/staedte-in-der-umgebung\/"]}]},{"@type":"ImageObject","inLanguage":"de-DE","@id":"https:\/\/www.quidhotelvenice.com\/de\/was-man-in-der-umgebung-unternehmen-kann\/staedte-in-der-umgebung\/#primaryimage","url":"https:\/\/www.quidhotelvenice.com\/wp-content\/uploads\/sites\/557\/2023\/07\/Treviso-voco-Venice-Mestre-The-Quid.jpg","contentUrl":"https:\/\/www.quidhotelvenice.com\/wp-content\/uploads\/sites\/557\/2023\/07\/Treviso-voco-Venice-Mestre-The-Quid.jpg","width":2200,"height":1200},{"@type":"BreadcrumbList","@id":"https:\/\/www.quidhotelvenice.com\/de\/was-man-in-der-umgebung-unternehmen-kann\/staedte-in-der-umgebung\/#breadcrumb","itemListElement":[{"@type":"ListItem","position":1,"name":"Home","item":"https:\/\/www.quidhotelvenice.com\/de\/"},{"@type":"ListItem","position":2,"name":"Was man in der Umgebung unternehmen kann","item":"https:\/\/www.quidhotelvenice.com\/de\/was-man-in-der-umgebung-unternehmen-kann\/"},{"@type":"ListItem","position":3,"name":"St\u00e4dte in der Umgebung"}]},{"@type":"WebSite","@id":"https:\/\/www.quidhotelvenice.com\/de\/#website","url":"https:\/\/www.quidhotelvenice.com\/de\/","name":"Voco Venice Mestre","description":"","potentialAction":[{"@type":"SearchAction","target":{"@type":"EntryPoint","urlTemplate":"https:\/\/www.quidhotelvenice.com\/de\/?s={search_term_string}"},"query-input":{"@type":"PropertyValueSpecification","valueRequired":true,"valueName":"search_term_string"}}],"inLanguage":"de-DE"}]}},"acf":[],"_links":{"self":[{"href":"https:\/\/www.quidhotelvenice.com\/de\/wp-json\/wp\/v2\/pages\/177","targetHints":{"allow":["GET"]}}],"collection":[{"href":"https:\/\/www.quidhotelvenice.com\/de\/wp-json\/wp\/v2\/pages"}],"about":[{"href":"https:\/\/www.quidhotelvenice.com\/de\/wp-json\/wp\/v2\/types\/page"}],"author":[{"embeddable":true,"href":"https:\/\/www.quidhotelvenice.com\/de\/wp-json\/wp\/v2\/users\/6"}],"replies":[{"embeddable":true,"href":"https:\/\/www.quidhotelvenice.com\/de\/wp-json\/wp\/v2\/comments?post=177"}],"version-history":[{"count":0,"href":"https:\/\/www.quidhotelvenice.com\/de\/wp-json\/wp\/v2\/pages\/177\/revisions"}],"up":[{"embeddable":true,"href":"https:\/\/www.quidhotelvenice.com\/de\/wp-json\/wp\/v2\/pages\/167"}],"wp:featuredmedia":[{"embeddable":true,"href":"https:\/\/www.quidhotelvenice.com\/de\/wp-json\/wp\/v2\/media\/924"}],"wp:attachment":[{"href":"https:\/\/www.quidhotelvenice.com\/de\/wp-json\/wp\/v2\/media?parent=177"}],"curies":[{"name":"wp","href":"https:\/\/api.w.org\/{rel}","templated":true}]}}