{"id":167,"date":"2023-07-20T14:46:34","date_gmt":"2023-07-20T14:46:34","guid":{"rendered":"https:\/\/voco-venice.ms.decms.eu\/cosa-fare-nei-dintorni\/"},"modified":"2023-08-29T15:37:40","modified_gmt":"2023-08-29T15:37:40","slug":"was-man-in-der-umgebung-unternehmen-kann","status":"publish","type":"page","link":"https:\/\/www.quidhotelvenice.com\/de\/was-man-in-der-umgebung-unternehmen-kann\/","title":{"rendered":"Was man in der Umgebung unternehmen kann"},"content":{"rendered":"<p><span style=\"font-weight: 400;\">Sie sind nicht zum ersten Mal in Venedig, oder Sie fragen sich, was Sie nach der Serenissima noch besichtigen und wie Sie die Umgebung erkunden k\u00f6nnen? Dann ist dies genau die richtige Seite f\u00fcr Sie!<\/span><span style=\"font-weight: 400;\"><br \/>\n<\/span><span style=\"font-weight: 400;\">Wir vom <\/span><b>voco\u00ae Venice Mestre <\/b><span style=\"font-weight: 400;\">k\u00f6nnen Ihnen versichern, dass es trotz des unvergleichlichen Charmes der Lagune noch viele andere Dinge rund um Venedig zu tun und zu entdecken gibt. Wir haben diese Seite erstellt, um Ihnen einige Anregungen zu geben &#8211; ganz in unserem typischen <\/span><b>voco\u00ae<\/b><span style=\"font-weight: 400;\">-Stil.<\/span><\/p>\n","protected":false},"excerpt":{"rendered":"<p>Sie sind nicht zum ersten Mal in Venedig, oder Sie fragen sich, was Sie nach der Serenissima noch besichtigen und wie Sie die Umgebung erkunden k\u00f6nnen? Dann ist dies genau die richtige Seite f\u00fcr Sie! Wir vom voco\u00ae Venice Mestre k\u00f6nnen Ihnen versichern, dass es trotz des unvergleichlichen Charmes der Lagune noch viele andere Dinge [&hellip;]<\/p>\n","protected":false},"author":6,"featured_media":916,"parent":0,"menu_order":100,"comment_status":"closed","ping_status":"closed","template":"","meta":{"footnotes":""},"class_list":["post-167","page","type-page","status-publish","has-post-thumbnail","hentry"],"yoast_head":"<!-- This site is optimized with the Yoast SEO plugin v26.9 - https:\/\/yoast.com\/product\/yoast-seo-wordpress\/ -->\n<title>Umgebung von Venedig | voco\u00ae Venice Mestre<\/title>\n<meta name=\"description\" content=\"Attraktionen in der N\u00e4he von Venedig f\u00fcr einen spannenden Urlaub. Besuchen Sie St\u00e4dte, Inseln, Str\u00e4nde und mehr mit den Tipps des voco\u00ae Venice Mestre.\" \/>\n<meta name=\"robots\" content=\"index, follow, max-snippet:-1, max-image-preview:large, max-video-preview:-1\" \/>\n<link rel=\"canonical\" href=\"https:\/\/www.quidhotelvenice.com\/de\/was-man-in-der-umgebung-unternehmen-kann\/\" \/>\n<meta property=\"og:locale\" content=\"de_DE\" \/>\n<meta property=\"og:type\" content=\"article\" \/>\n<meta property=\"og:title\" content=\"Umgebung von Venedig | voco\u00ae Venice Mestre\" \/>\n<meta property=\"og:description\" content=\"Attraktionen in der N\u00e4he von Venedig f\u00fcr einen spannenden Urlaub. Besuchen Sie St\u00e4dte, Inseln, Str\u00e4nde und mehr mit den Tipps des voco\u00ae Venice Mestre.\" \/>\n<meta property=\"og:url\" content=\"https:\/\/www.quidhotelvenice.com\/de\/was-man-in-der-umgebung-unternehmen-kann\/\" \/>\n<meta property=\"og:site_name\" content=\"Voco Venice Mestre\" \/>\n<meta property=\"article:modified_time\" content=\"2023-08-29T15:37:40+00:00\" \/>\n<meta property=\"og:image\" content=\"https:\/\/www.quidhotelvenice.com\/wp-content\/uploads\/sites\/557\/2023\/07\/Nearbies-voco-Venice-Mestre-The-Quid.jpg\" \/>\n\t<meta property=\"og:image:width\" content=\"2200\" \/>\n\t<meta property=\"og:image:height\" content=\"1200\" \/>\n\t<meta property=\"og:image:type\" content=\"image\/jpeg\" \/>\n<meta name=\"twitter:card\" content=\"summary_large_image\" \/>\n<script type=\"application\/ld+json\" class=\"yoast-schema-graph\">{\"@context\":\"https:\/\/schema.org\",\"@graph\":[{\"@type\":\"WebPage\",\"@id\":\"https:\/\/www.quidhotelvenice.com\/de\/was-man-in-der-umgebung-unternehmen-kann\/\",\"url\":\"https:\/\/www.quidhotelvenice.com\/de\/was-man-in-der-umgebung-unternehmen-kann\/\",\"name\":\"Umgebung von Venedig | voco\u00ae Venice Mestre\",\"isPartOf\":{\"@id\":\"https:\/\/www.quidhotelvenice.com\/de\/#website\"},\"primaryImageOfPage\":{\"@id\":\"https:\/\/www.quidhotelvenice.com\/de\/was-man-in-der-umgebung-unternehmen-kann\/#primaryimage\"},\"image\":{\"@id\":\"https:\/\/www.quidhotelvenice.com\/de\/was-man-in-der-umgebung-unternehmen-kann\/#primaryimage\"},\"thumbnailUrl\":\"https:\/\/www.quidhotelvenice.com\/wp-content\/uploads\/sites\/557\/2023\/07\/Nearbies-voco-Venice-Mestre-The-Quid.jpg\",\"datePublished\":\"2023-07-20T14:46:34+00:00\",\"dateModified\":\"2023-08-29T15:37:40+00:00\",\"description\":\"Attraktionen in der N\u00e4he von Venedig f\u00fcr einen spannenden Urlaub. Besuchen Sie St\u00e4dte, Inseln, Str\u00e4nde und mehr mit den Tipps des voco\u00ae Venice Mestre.\",\"breadcrumb\":{\"@id\":\"https:\/\/www.quidhotelvenice.com\/de\/was-man-in-der-umgebung-unternehmen-kann\/#breadcrumb\"},\"inLanguage\":\"de-DE\",\"potentialAction\":[{\"@type\":\"ReadAction\",\"target\":[\"https:\/\/www.quidhotelvenice.com\/de\/was-man-in-der-umgebung-unternehmen-kann\/\"]}]},{\"@type\":\"ImageObject\",\"inLanguage\":\"de-DE\",\"@id\":\"https:\/\/www.quidhotelvenice.com\/de\/was-man-in-der-umgebung-unternehmen-kann\/#primaryimage\",\"url\":\"https:\/\/www.quidhotelvenice.com\/wp-content\/uploads\/sites\/557\/2023\/07\/Nearbies-voco-Venice-Mestre-The-Quid.jpg\",\"contentUrl\":\"https:\/\/www.quidhotelvenice.com\/wp-content\/uploads\/sites\/557\/2023\/07\/Nearbies-voco-Venice-Mestre-The-Quid.jpg\",\"width\":2200,\"height\":1200},{\"@type\":\"BreadcrumbList\",\"@id\":\"https:\/\/www.quidhotelvenice.com\/de\/was-man-in-der-umgebung-unternehmen-kann\/#breadcrumb\",\"itemListElement\":[{\"@type\":\"ListItem\",\"position\":1,\"name\":\"Home\",\"item\":\"https:\/\/www.quidhotelvenice.com\/de\/\"},{\"@type\":\"ListItem\",\"position\":2,\"name\":\"Was man in der Umgebung unternehmen kann\"}]},{\"@type\":\"WebSite\",\"@id\":\"https:\/\/www.quidhotelvenice.com\/de\/#website\",\"url\":\"https:\/\/www.quidhotelvenice.com\/de\/\",\"name\":\"Voco Venice Mestre\",\"description\":\"\",\"potentialAction\":[{\"@type\":\"SearchAction\",\"target\":{\"@type\":\"EntryPoint\",\"urlTemplate\":\"https:\/\/www.quidhotelvenice.com\/de\/?s={search_term_string}\"},\"query-input\":{\"@type\":\"PropertyValueSpecification\",\"valueRequired\":true,\"valueName\":\"search_term_string\"}}],\"inLanguage\":\"de-DE\"}]}<\/script>\n<!-- \/ Yoast SEO plugin. -->","yoast_head_json":{"title":"Umgebung von Venedig | voco\u00ae Venice Mestre","description":"Attraktionen in der N\u00e4he von Venedig f\u00fcr einen spannenden Urlaub. Besuchen Sie St\u00e4dte, Inseln, Str\u00e4nde und mehr mit den Tipps des voco\u00ae Venice Mestre.","robots":{"index":"index","follow":"follow","max-snippet":"max-snippet:-1","max-image-preview":"max-image-preview:large","max-video-preview":"max-video-preview:-1"},"canonical":"https:\/\/www.quidhotelvenice.com\/de\/was-man-in-der-umgebung-unternehmen-kann\/","og_locale":"de_DE","og_type":"article","og_title":"Umgebung von Venedig | voco\u00ae Venice Mestre","og_description":"Attraktionen in der N\u00e4he von Venedig f\u00fcr einen spannenden Urlaub. Besuchen Sie St\u00e4dte, Inseln, Str\u00e4nde und mehr mit den Tipps des voco\u00ae Venice Mestre.","og_url":"https:\/\/www.quidhotelvenice.com\/de\/was-man-in-der-umgebung-unternehmen-kann\/","og_site_name":"Voco Venice Mestre","article_modified_time":"2023-08-29T15:37:40+00:00","og_image":[{"width":2200,"height":1200,"url":"https:\/\/www.quidhotelvenice.com\/wp-content\/uploads\/sites\/557\/2023\/07\/Nearbies-voco-Venice-Mestre-The-Quid.jpg","type":"image\/jpeg"}],"twitter_card":"summary_large_image","schema":{"@context":"https:\/\/schema.org","@graph":[{"@type":"WebPage","@id":"https:\/\/www.quidhotelvenice.com\/de\/was-man-in-der-umgebung-unternehmen-kann\/","url":"https:\/\/www.quidhotelvenice.com\/de\/was-man-in-der-umgebung-unternehmen-kann\/","name":"Umgebung von Venedig | voco\u00ae Venice Mestre","isPartOf":{"@id":"https:\/\/www.quidhotelvenice.com\/de\/#website"},"primaryImageOfPage":{"@id":"https:\/\/www.quidhotelvenice.com\/de\/was-man-in-der-umgebung-unternehmen-kann\/#primaryimage"},"image":{"@id":"https:\/\/www.quidhotelvenice.com\/de\/was-man-in-der-umgebung-unternehmen-kann\/#primaryimage"},"thumbnailUrl":"https:\/\/www.quidhotelvenice.com\/wp-content\/uploads\/sites\/557\/2023\/07\/Nearbies-voco-Venice-Mestre-The-Quid.jpg","datePublished":"2023-07-20T14:46:34+00:00","dateModified":"2023-08-29T15:37:40+00:00","description":"Attraktionen in der N\u00e4he von Venedig f\u00fcr einen spannenden Urlaub. Besuchen Sie St\u00e4dte, Inseln, Str\u00e4nde und mehr mit den Tipps des voco\u00ae Venice Mestre.","breadcrumb":{"@id":"https:\/\/www.quidhotelvenice.com\/de\/was-man-in-der-umgebung-unternehmen-kann\/#breadcrumb"},"inLanguage":"de-DE","potentialAction":[{"@type":"ReadAction","target":["https:\/\/www.quidhotelvenice.com\/de\/was-man-in-der-umgebung-unternehmen-kann\/"]}]},{"@type":"ImageObject","inLanguage":"de-DE","@id":"https:\/\/www.quidhotelvenice.com\/de\/was-man-in-der-umgebung-unternehmen-kann\/#primaryimage","url":"https:\/\/www.quidhotelvenice.com\/wp-content\/uploads\/sites\/557\/2023\/07\/Nearbies-voco-Venice-Mestre-The-Quid.jpg","contentUrl":"https:\/\/www.quidhotelvenice.com\/wp-content\/uploads\/sites\/557\/2023\/07\/Nearbies-voco-Venice-Mestre-The-Quid.jpg","width":2200,"height":1200},{"@type":"BreadcrumbList","@id":"https:\/\/www.quidhotelvenice.com\/de\/was-man-in-der-umgebung-unternehmen-kann\/#breadcrumb","itemListElement":[{"@type":"ListItem","position":1,"name":"Home","item":"https:\/\/www.quidhotelvenice.com\/de\/"},{"@type":"ListItem","position":2,"name":"Was man in der Umgebung unternehmen kann"}]},{"@type":"WebSite","@id":"https:\/\/www.quidhotelvenice.com\/de\/#website","url":"https:\/\/www.quidhotelvenice.com\/de\/","name":"Voco Venice Mestre","description":"","potentialAction":[{"@type":"SearchAction","target":{"@type":"EntryPoint","urlTemplate":"https:\/\/www.quidhotelvenice.com\/de\/?s={search_term_string}"},"query-input":{"@type":"PropertyValueSpecification","valueRequired":true,"valueName":"search_term_string"}}],"inLanguage":"de-DE"}]}},"acf":[],"_links":{"self":[{"href":"https:\/\/www.quidhotelvenice.com\/de\/wp-json\/wp\/v2\/pages\/167","targetHints":{"allow":["GET"]}}],"collection":[{"href":"https:\/\/www.quidhotelvenice.com\/de\/wp-json\/wp\/v2\/pages"}],"about":[{"href":"https:\/\/www.quidhotelvenice.com\/de\/wp-json\/wp\/v2\/types\/page"}],"author":[{"embeddable":true,"href":"https:\/\/www.quidhotelvenice.com\/de\/wp-json\/wp\/v2\/users\/6"}],"replies":[{"embeddable":true,"href":"https:\/\/www.quidhotelvenice.com\/de\/wp-json\/wp\/v2\/comments?post=167"}],"version-history":[{"count":0,"href":"https:\/\/www.quidhotelvenice.com\/de\/wp-json\/wp\/v2\/pages\/167\/revisions"}],"wp:featuredmedia":[{"embeddable":true,"href":"https:\/\/www.quidhotelvenice.com\/de\/wp-json\/wp\/v2\/media\/916"}],"wp:attachment":[{"href":"https:\/\/www.quidhotelvenice.com\/de\/wp-json\/wp\/v2\/media?parent=167"}],"curies":[{"name":"wp","href":"https:\/\/api.w.org\/{rel}","templated":true}]}}