{"id":155,"date":"2023-07-20T10:34:58","date_gmt":"2023-07-20T10:34:58","guid":{"rendered":"https:\/\/voco-venice.ms.decms.eu\/cosa-fare-a-venezia\/centro-storico\/shopping-in-citta\/"},"modified":"2025-09-03T14:22:57","modified_gmt":"2025-09-03T14:22:57","slug":"einkaufen-in-der-stadt","status":"publish","type":"page","link":"https:\/\/www.quidhotelvenice.com\/de\/was-man-in-venedig-unternehmen-kann\/historisches-zentrum\/einkaufen-in-der-stadt\/","title":{"rendered":"Einkaufen in der Stadt"},"content":{"rendered":"<p><span style=\"font-weight: 400\">Wenn Sie ein Vier-Sterne-Hotel f\u00fcr Ihren Einkaufsbummel in Venedig suchen, ist das <\/span><b>voco\u00ae Venice Mestre <\/b><span style=\"font-weight: 400\">die ideale Wahl: Sie k\u00f6nnen Ihr Auto in unserer Tiefgarage abstellen und erreichen die Lagune bequem mit einem privaten Transfer oder den \u00f6ffentlichen Verkehrsmitteln.<\/span><span style=\"font-weight: 400\"><br \/>\n<\/span><span style=\"font-weight: 400\">Venedig ist eine Stadt der Kultur, aber nicht nur: Wenn Sie Venedig als Ziel f\u00fcr Ihren <\/span><b>Einkaufsbummel<\/b><span style=\"font-weight: 400\"> w\u00e4hlen, werden Sie eine traumhafte Erfahrung machen, die sich sowohl durch die <\/span><b>Sch\u00f6nheit der Szenerie<\/b><span style=\"font-weight: 400\"> als auch durch die <\/span><b>Qualit\u00e4t und Quantit\u00e4t der <\/b><span style=\"font-weight: 400\">verschiedenen <\/span><b>Produkte<\/b><span style=\"font-weight: 400\">, die Sie dort finden, auszeichnet. <\/span><\/p>\n","protected":false},"excerpt":{"rendered":"<p>Wenn Sie ein Vier-Sterne-Hotel f\u00fcr Ihren Einkaufsbummel in Venedig suchen, ist das voco\u00ae Venice Mestre die ideale Wahl: Sie k\u00f6nnen Ihr Auto in unserer Tiefgarage abstellen und erreichen die Lagune bequem mit einem privaten Transfer oder den \u00f6ffentlichen Verkehrsmitteln. Venedig ist eine Stadt der Kultur, aber nicht nur: Wenn Sie Venedig als Ziel f\u00fcr Ihren [&hellip;]<\/p>\n","protected":false},"author":6,"featured_media":876,"parent":143,"menu_order":84,"comment_status":"closed","ping_status":"closed","template":"template-surroundings.php","meta":{"footnotes":""},"class_list":["post-155","page","type-page","status-publish","has-post-thumbnail","hentry"],"yoast_head":"<!-- This site is optimized with the Yoast SEO plugin v26.9 - https:\/\/yoast.com\/product\/yoast-seo-wordpress\/ -->\n<title>Shopping im Zentrum von Venedig | voco\u00ae Venice Mestre<\/title>\n<meta name=\"description\" content=\"Unsere Tipps f\u00fcr Shopping im Zentrum von Venedig. Entdecken Sie die Gesch\u00e4fte und Einkaufszentren in der N\u00e4he des voco\u00ae Venice Mestre, 4-Sterne-Hotel.\" \/>\n<meta name=\"robots\" content=\"index, follow, max-snippet:-1, max-image-preview:large, max-video-preview:-1\" \/>\n<link rel=\"canonical\" href=\"https:\/\/www.quidhotelvenice.com\/de\/was-man-in-venedig-unternehmen-kann\/historisches-zentrum\/einkaufen-in-der-stadt\/\" \/>\n<meta property=\"og:locale\" content=\"de_DE\" \/>\n<meta property=\"og:type\" content=\"article\" \/>\n<meta property=\"og:title\" content=\"Shopping im Zentrum von Venedig | voco\u00ae Venice Mestre\" \/>\n<meta property=\"og:description\" content=\"Unsere Tipps f\u00fcr Shopping im Zentrum von Venedig. Entdecken Sie die Gesch\u00e4fte und Einkaufszentren in der N\u00e4he des voco\u00ae Venice Mestre, 4-Sterne-Hotel.\" \/>\n<meta property=\"og:url\" content=\"https:\/\/www.quidhotelvenice.com\/de\/was-man-in-venedig-unternehmen-kann\/historisches-zentrum\/einkaufen-in-der-stadt\/\" \/>\n<meta property=\"og:site_name\" content=\"Voco Venice Mestre\" \/>\n<meta property=\"article:modified_time\" content=\"2025-09-03T14:22:57+00:00\" \/>\n<meta property=\"og:image\" content=\"https:\/\/www.quidhotelvenice.com\/wp-content\/uploads\/sites\/557\/2023\/07\/Shopping-voco-Venice-Mestre-The-Quid.jpg\" \/>\n\t<meta property=\"og:image:width\" content=\"2200\" \/>\n\t<meta property=\"og:image:height\" content=\"1200\" \/>\n\t<meta property=\"og:image:type\" content=\"image\/jpeg\" \/>\n<meta name=\"twitter:card\" content=\"summary_large_image\" \/>\n<meta name=\"twitter:label1\" content=\"Gesch\u00e4tzte Lesezeit\" \/>\n\t<meta name=\"twitter:data1\" content=\"1 Minute\" \/>\n<script type=\"application\/ld+json\" class=\"yoast-schema-graph\">{\"@context\":\"https:\/\/schema.org\",\"@graph\":[{\"@type\":\"WebPage\",\"@id\":\"https:\/\/www.quidhotelvenice.com\/de\/was-man-in-venedig-unternehmen-kann\/historisches-zentrum\/einkaufen-in-der-stadt\/\",\"url\":\"https:\/\/www.quidhotelvenice.com\/de\/was-man-in-venedig-unternehmen-kann\/historisches-zentrum\/einkaufen-in-der-stadt\/\",\"name\":\"Shopping im Zentrum von Venedig | voco\u00ae Venice Mestre\",\"isPartOf\":{\"@id\":\"https:\/\/www.quidhotelvenice.com\/de\/#website\"},\"primaryImageOfPage\":{\"@id\":\"https:\/\/www.quidhotelvenice.com\/de\/was-man-in-venedig-unternehmen-kann\/historisches-zentrum\/einkaufen-in-der-stadt\/#primaryimage\"},\"image\":{\"@id\":\"https:\/\/www.quidhotelvenice.com\/de\/was-man-in-venedig-unternehmen-kann\/historisches-zentrum\/einkaufen-in-der-stadt\/#primaryimage\"},\"thumbnailUrl\":\"https:\/\/www.quidhotelvenice.com\/wp-content\/uploads\/sites\/557\/2023\/07\/Shopping-voco-Venice-Mestre-The-Quid.jpg\",\"datePublished\":\"2023-07-20T10:34:58+00:00\",\"dateModified\":\"2025-09-03T14:22:57+00:00\",\"description\":\"Unsere Tipps f\u00fcr Shopping im Zentrum von Venedig. Entdecken Sie die Gesch\u00e4fte und Einkaufszentren in der N\u00e4he des voco\u00ae Venice Mestre, 4-Sterne-Hotel.\",\"breadcrumb\":{\"@id\":\"https:\/\/www.quidhotelvenice.com\/de\/was-man-in-venedig-unternehmen-kann\/historisches-zentrum\/einkaufen-in-der-stadt\/#breadcrumb\"},\"inLanguage\":\"de-DE\",\"potentialAction\":[{\"@type\":\"ReadAction\",\"target\":[\"https:\/\/www.quidhotelvenice.com\/de\/was-man-in-venedig-unternehmen-kann\/historisches-zentrum\/einkaufen-in-der-stadt\/\"]}]},{\"@type\":\"ImageObject\",\"inLanguage\":\"de-DE\",\"@id\":\"https:\/\/www.quidhotelvenice.com\/de\/was-man-in-venedig-unternehmen-kann\/historisches-zentrum\/einkaufen-in-der-stadt\/#primaryimage\",\"url\":\"https:\/\/www.quidhotelvenice.com\/wp-content\/uploads\/sites\/557\/2023\/07\/Shopping-voco-Venice-Mestre-The-Quid.jpg\",\"contentUrl\":\"https:\/\/www.quidhotelvenice.com\/wp-content\/uploads\/sites\/557\/2023\/07\/Shopping-voco-Venice-Mestre-The-Quid.jpg\",\"width\":2200,\"height\":1200},{\"@type\":\"BreadcrumbList\",\"@id\":\"https:\/\/www.quidhotelvenice.com\/de\/was-man-in-venedig-unternehmen-kann\/historisches-zentrum\/einkaufen-in-der-stadt\/#breadcrumb\",\"itemListElement\":[{\"@type\":\"ListItem\",\"position\":1,\"name\":\"Home\",\"item\":\"https:\/\/www.quidhotelvenice.com\/de\/\"},{\"@type\":\"ListItem\",\"position\":2,\"name\":\"Was man in Venedig unternehmen kann\",\"item\":\"https:\/\/www.quidhotelvenice.com\/de\/was-man-in-venedig-unternehmen-kann\/\"},{\"@type\":\"ListItem\",\"position\":3,\"name\":\"Historisches Zentrum\",\"item\":\"https:\/\/www.quidhotelvenice.com\/de\/was-man-in-venedig-unternehmen-kann\/historisches-zentrum\/\"},{\"@type\":\"ListItem\",\"position\":4,\"name\":\"Einkaufen in der Stadt\"}]},{\"@type\":\"WebSite\",\"@id\":\"https:\/\/www.quidhotelvenice.com\/de\/#website\",\"url\":\"https:\/\/www.quidhotelvenice.com\/de\/\",\"name\":\"Voco Venice Mestre\",\"description\":\"\",\"potentialAction\":[{\"@type\":\"SearchAction\",\"target\":{\"@type\":\"EntryPoint\",\"urlTemplate\":\"https:\/\/www.quidhotelvenice.com\/de\/?s={search_term_string}\"},\"query-input\":{\"@type\":\"PropertyValueSpecification\",\"valueRequired\":true,\"valueName\":\"search_term_string\"}}],\"inLanguage\":\"de-DE\"}]}<\/script>\n<!-- \/ Yoast SEO plugin. -->","yoast_head_json":{"title":"Shopping im Zentrum von Venedig | voco\u00ae Venice Mestre","description":"Unsere Tipps f\u00fcr Shopping im Zentrum von Venedig. Entdecken Sie die Gesch\u00e4fte und Einkaufszentren in der N\u00e4he des voco\u00ae Venice Mestre, 4-Sterne-Hotel.","robots":{"index":"index","follow":"follow","max-snippet":"max-snippet:-1","max-image-preview":"max-image-preview:large","max-video-preview":"max-video-preview:-1"},"canonical":"https:\/\/www.quidhotelvenice.com\/de\/was-man-in-venedig-unternehmen-kann\/historisches-zentrum\/einkaufen-in-der-stadt\/","og_locale":"de_DE","og_type":"article","og_title":"Shopping im Zentrum von Venedig | voco\u00ae Venice Mestre","og_description":"Unsere Tipps f\u00fcr Shopping im Zentrum von Venedig. Entdecken Sie die Gesch\u00e4fte und Einkaufszentren in der N\u00e4he des voco\u00ae Venice Mestre, 4-Sterne-Hotel.","og_url":"https:\/\/www.quidhotelvenice.com\/de\/was-man-in-venedig-unternehmen-kann\/historisches-zentrum\/einkaufen-in-der-stadt\/","og_site_name":"Voco Venice Mestre","article_modified_time":"2025-09-03T14:22:57+00:00","og_image":[{"width":2200,"height":1200,"url":"https:\/\/www.quidhotelvenice.com\/wp-content\/uploads\/sites\/557\/2023\/07\/Shopping-voco-Venice-Mestre-The-Quid.jpg","type":"image\/jpeg"}],"twitter_card":"summary_large_image","twitter_misc":{"Gesch\u00e4tzte Lesezeit":"1 Minute"},"schema":{"@context":"https:\/\/schema.org","@graph":[{"@type":"WebPage","@id":"https:\/\/www.quidhotelvenice.com\/de\/was-man-in-venedig-unternehmen-kann\/historisches-zentrum\/einkaufen-in-der-stadt\/","url":"https:\/\/www.quidhotelvenice.com\/de\/was-man-in-venedig-unternehmen-kann\/historisches-zentrum\/einkaufen-in-der-stadt\/","name":"Shopping im Zentrum von Venedig | voco\u00ae Venice Mestre","isPartOf":{"@id":"https:\/\/www.quidhotelvenice.com\/de\/#website"},"primaryImageOfPage":{"@id":"https:\/\/www.quidhotelvenice.com\/de\/was-man-in-venedig-unternehmen-kann\/historisches-zentrum\/einkaufen-in-der-stadt\/#primaryimage"},"image":{"@id":"https:\/\/www.quidhotelvenice.com\/de\/was-man-in-venedig-unternehmen-kann\/historisches-zentrum\/einkaufen-in-der-stadt\/#primaryimage"},"thumbnailUrl":"https:\/\/www.quidhotelvenice.com\/wp-content\/uploads\/sites\/557\/2023\/07\/Shopping-voco-Venice-Mestre-The-Quid.jpg","datePublished":"2023-07-20T10:34:58+00:00","dateModified":"2025-09-03T14:22:57+00:00","description":"Unsere Tipps f\u00fcr Shopping im Zentrum von Venedig. Entdecken Sie die Gesch\u00e4fte und Einkaufszentren in der N\u00e4he des voco\u00ae Venice Mestre, 4-Sterne-Hotel.","breadcrumb":{"@id":"https:\/\/www.quidhotelvenice.com\/de\/was-man-in-venedig-unternehmen-kann\/historisches-zentrum\/einkaufen-in-der-stadt\/#breadcrumb"},"inLanguage":"de-DE","potentialAction":[{"@type":"ReadAction","target":["https:\/\/www.quidhotelvenice.com\/de\/was-man-in-venedig-unternehmen-kann\/historisches-zentrum\/einkaufen-in-der-stadt\/"]}]},{"@type":"ImageObject","inLanguage":"de-DE","@id":"https:\/\/www.quidhotelvenice.com\/de\/was-man-in-venedig-unternehmen-kann\/historisches-zentrum\/einkaufen-in-der-stadt\/#primaryimage","url":"https:\/\/www.quidhotelvenice.com\/wp-content\/uploads\/sites\/557\/2023\/07\/Shopping-voco-Venice-Mestre-The-Quid.jpg","contentUrl":"https:\/\/www.quidhotelvenice.com\/wp-content\/uploads\/sites\/557\/2023\/07\/Shopping-voco-Venice-Mestre-The-Quid.jpg","width":2200,"height":1200},{"@type":"BreadcrumbList","@id":"https:\/\/www.quidhotelvenice.com\/de\/was-man-in-venedig-unternehmen-kann\/historisches-zentrum\/einkaufen-in-der-stadt\/#breadcrumb","itemListElement":[{"@type":"ListItem","position":1,"name":"Home","item":"https:\/\/www.quidhotelvenice.com\/de\/"},{"@type":"ListItem","position":2,"name":"Was man in Venedig unternehmen kann","item":"https:\/\/www.quidhotelvenice.com\/de\/was-man-in-venedig-unternehmen-kann\/"},{"@type":"ListItem","position":3,"name":"Historisches Zentrum","item":"https:\/\/www.quidhotelvenice.com\/de\/was-man-in-venedig-unternehmen-kann\/historisches-zentrum\/"},{"@type":"ListItem","position":4,"name":"Einkaufen in der Stadt"}]},{"@type":"WebSite","@id":"https:\/\/www.quidhotelvenice.com\/de\/#website","url":"https:\/\/www.quidhotelvenice.com\/de\/","name":"Voco Venice Mestre","description":"","potentialAction":[{"@type":"SearchAction","target":{"@type":"EntryPoint","urlTemplate":"https:\/\/www.quidhotelvenice.com\/de\/?s={search_term_string}"},"query-input":{"@type":"PropertyValueSpecification","valueRequired":true,"valueName":"search_term_string"}}],"inLanguage":"de-DE"}]}},"acf":[],"_links":{"self":[{"href":"https:\/\/www.quidhotelvenice.com\/de\/wp-json\/wp\/v2\/pages\/155","targetHints":{"allow":["GET"]}}],"collection":[{"href":"https:\/\/www.quidhotelvenice.com\/de\/wp-json\/wp\/v2\/pages"}],"about":[{"href":"https:\/\/www.quidhotelvenice.com\/de\/wp-json\/wp\/v2\/types\/page"}],"author":[{"embeddable":true,"href":"https:\/\/www.quidhotelvenice.com\/de\/wp-json\/wp\/v2\/users\/6"}],"replies":[{"embeddable":true,"href":"https:\/\/www.quidhotelvenice.com\/de\/wp-json\/wp\/v2\/comments?post=155"}],"version-history":[{"count":0,"href":"https:\/\/www.quidhotelvenice.com\/de\/wp-json\/wp\/v2\/pages\/155\/revisions"}],"up":[{"embeddable":true,"href":"https:\/\/www.quidhotelvenice.com\/de\/wp-json\/wp\/v2\/pages\/143"}],"wp:featuredmedia":[{"embeddable":true,"href":"https:\/\/www.quidhotelvenice.com\/de\/wp-json\/wp\/v2\/media\/876"}],"wp:attachment":[{"href":"https:\/\/www.quidhotelvenice.com\/de\/wp-json\/wp\/v2\/media?parent=155"}],"curies":[{"name":"wp","href":"https:\/\/api.w.org\/{rel}","templated":true}]}}