{"id":143,"date":"2023-07-20T10:29:35","date_gmt":"2023-07-20T10:29:35","guid":{"rendered":"https:\/\/voco-venice.ms.decms.eu\/cosa-fare-a-venezia\/centro-storico\/"},"modified":"2023-08-29T15:31:26","modified_gmt":"2023-08-29T15:31:26","slug":"historisches-zentrum","status":"publish","type":"page","link":"https:\/\/www.quidhotelvenice.com\/de\/was-man-in-venedig-unternehmen-kann\/historisches-zentrum\/","title":{"rendered":"Historisches Zentrum"},"content":{"rendered":"<p><span style=\"font-weight: 400;\">Einst als gr\u00f6\u00dfte Handels- und Seemacht des Mittelmeers bekannt, ist Venedig heute f\u00fcr seine unglaubliche <\/span><b>architektonische Sch\u00f6nheit<\/b><span style=\"font-weight: 400;\">, seine Museen und die pr\u00e4chtigen <\/span><b>Fassaden seiner Pal\u00e4ste<\/b><span style=\"font-weight: 400;\"> bekannt.\u00a0<\/span><\/p>\n<p><span style=\"font-weight: 400;\">Aufgeteilt in sechs Hauptbereiche, von denen jeder seinen eigenen Charme hat, ist es das Viertel <\/span><b>San Marco<\/b><span style=\"font-weight: 400;\">, das Jahr f\u00fcr Jahr immer mehr Touristen anzieht.\u00a0<\/span><\/p>\n<p><span style=\"font-weight: 400;\">Wenn Sie im <\/span><b>voco\u00ae Venice Mestre <\/b><span style=\"font-weight: 400;\">wohnen, k\u00f6nnen Sie Ihr Auto auf einem gro\u00dfen Parkplatz abstellen und sich ein paar Stunden Zeit nehmen, um die Lagune zu Fu\u00df zu erkunden. Lassen Sie sich verzaubern von dem <\/span><b>zeitlosen Charme<\/b><span style=\"font-weight: 400;\"> der engen Gassen, dem Blick aufs Meer und den Br\u00fccken, die die einzelnen Stadtteile mit wundersch\u00f6nen B\u00f6gen verbinden.<\/span><span style=\"font-weight: 400;\"><br \/>\n<\/span><span style=\"font-weight: 400;\">Ein <\/span><b>Spaziergang durch Venedig<\/b><span style=\"font-weight: 400;\"> ist ein unvergessliches Erlebnis voller kleiner und gro\u00dfer Entdeckungen, die einen immer wieder staunen lassen.<\/span><\/p>\n","protected":false},"excerpt":{"rendered":"<p>Einst als gr\u00f6\u00dfte Handels- und Seemacht des Mittelmeers bekannt, ist Venedig heute f\u00fcr seine unglaubliche architektonische Sch\u00f6nheit, seine Museen und die pr\u00e4chtigen Fassaden seiner Pal\u00e4ste bekannt.\u00a0 Aufgeteilt in sechs Hauptbereiche, von denen jeder seinen eigenen Charme hat, ist es das Viertel San Marco, das Jahr f\u00fcr Jahr immer mehr Touristen anzieht.\u00a0 Wenn Sie im voco\u00ae [&hellip;]<\/p>\n","protected":false},"author":6,"featured_media":824,"parent":138,"menu_order":81,"comment_status":"closed","ping_status":"closed","template":"template-surroundings.php","meta":{"footnotes":""},"class_list":["post-143","page","type-page","status-publish","has-post-thumbnail","hentry"],"yoast_head":"<!-- This site is optimized with the Yoast SEO plugin v26.9 - https:\/\/yoast.com\/product\/yoast-seo-wordpress\/ -->\n<title>Venedig Zentrum: Einkaufen u. Denkm\u00e4ler | voco\u00ae Venice Mestre<\/title>\n<meta name=\"description\" content=\"Die Sch\u00f6nheit des Zentrums von Venedig: Essen, Events und mehr. Sehen Sie sich online die Beschreibung vom 4-Sterne-Hotel voco\u00ae Venice Mestre an.\" \/>\n<meta name=\"robots\" content=\"index, follow, max-snippet:-1, max-image-preview:large, max-video-preview:-1\" \/>\n<link rel=\"canonical\" href=\"https:\/\/www.quidhotelvenice.com\/de\/was-man-in-venedig-unternehmen-kann\/historisches-zentrum\/\" \/>\n<meta property=\"og:locale\" content=\"de_DE\" \/>\n<meta property=\"og:type\" content=\"article\" \/>\n<meta property=\"og:title\" content=\"Venedig Zentrum: Einkaufen u. Denkm\u00e4ler | voco\u00ae Venice Mestre\" \/>\n<meta property=\"og:description\" content=\"Die Sch\u00f6nheit des Zentrums von Venedig: Essen, Events und mehr. Sehen Sie sich online die Beschreibung vom 4-Sterne-Hotel voco\u00ae Venice Mestre an.\" \/>\n<meta property=\"og:url\" content=\"https:\/\/www.quidhotelvenice.com\/de\/was-man-in-venedig-unternehmen-kann\/historisches-zentrum\/\" \/>\n<meta property=\"og:site_name\" content=\"Voco Venice Mestre\" \/>\n<meta property=\"article:modified_time\" content=\"2023-08-29T15:31:26+00:00\" \/>\n<meta property=\"og:image\" content=\"https:\/\/www.quidhotelvenice.com\/wp-content\/uploads\/sites\/557\/2023\/07\/Rialto-voco-Venice-Mestre-The-Quid.jpg\" \/>\n\t<meta property=\"og:image:width\" content=\"2200\" \/>\n\t<meta property=\"og:image:height\" content=\"1200\" \/>\n\t<meta property=\"og:image:type\" content=\"image\/jpeg\" \/>\n<meta name=\"twitter:card\" content=\"summary_large_image\" \/>\n<meta name=\"twitter:label1\" content=\"Gesch\u00e4tzte Lesezeit\" \/>\n\t<meta name=\"twitter:data1\" content=\"1 Minute\" \/>\n<script type=\"application\/ld+json\" class=\"yoast-schema-graph\">{\"@context\":\"https:\/\/schema.org\",\"@graph\":[{\"@type\":\"WebPage\",\"@id\":\"https:\/\/www.quidhotelvenice.com\/de\/was-man-in-venedig-unternehmen-kann\/historisches-zentrum\/\",\"url\":\"https:\/\/www.quidhotelvenice.com\/de\/was-man-in-venedig-unternehmen-kann\/historisches-zentrum\/\",\"name\":\"Venedig Zentrum: Einkaufen u. Denkm\u00e4ler | voco\u00ae Venice Mestre\",\"isPartOf\":{\"@id\":\"https:\/\/www.quidhotelvenice.com\/de\/#website\"},\"primaryImageOfPage\":{\"@id\":\"https:\/\/www.quidhotelvenice.com\/de\/was-man-in-venedig-unternehmen-kann\/historisches-zentrum\/#primaryimage\"},\"image\":{\"@id\":\"https:\/\/www.quidhotelvenice.com\/de\/was-man-in-venedig-unternehmen-kann\/historisches-zentrum\/#primaryimage\"},\"thumbnailUrl\":\"https:\/\/www.quidhotelvenice.com\/wp-content\/uploads\/sites\/557\/2023\/07\/Rialto-voco-Venice-Mestre-The-Quid.jpg\",\"datePublished\":\"2023-07-20T10:29:35+00:00\",\"dateModified\":\"2023-08-29T15:31:26+00:00\",\"description\":\"Die Sch\u00f6nheit des Zentrums von Venedig: Essen, Events und mehr. Sehen Sie sich online die Beschreibung vom 4-Sterne-Hotel voco\u00ae Venice Mestre an.\",\"breadcrumb\":{\"@id\":\"https:\/\/www.quidhotelvenice.com\/de\/was-man-in-venedig-unternehmen-kann\/historisches-zentrum\/#breadcrumb\"},\"inLanguage\":\"de-DE\",\"potentialAction\":[{\"@type\":\"ReadAction\",\"target\":[\"https:\/\/www.quidhotelvenice.com\/de\/was-man-in-venedig-unternehmen-kann\/historisches-zentrum\/\"]}]},{\"@type\":\"ImageObject\",\"inLanguage\":\"de-DE\",\"@id\":\"https:\/\/www.quidhotelvenice.com\/de\/was-man-in-venedig-unternehmen-kann\/historisches-zentrum\/#primaryimage\",\"url\":\"https:\/\/www.quidhotelvenice.com\/wp-content\/uploads\/sites\/557\/2023\/07\/Rialto-voco-Venice-Mestre-The-Quid.jpg\",\"contentUrl\":\"https:\/\/www.quidhotelvenice.com\/wp-content\/uploads\/sites\/557\/2023\/07\/Rialto-voco-Venice-Mestre-The-Quid.jpg\",\"width\":2200,\"height\":1200},{\"@type\":\"BreadcrumbList\",\"@id\":\"https:\/\/www.quidhotelvenice.com\/de\/was-man-in-venedig-unternehmen-kann\/historisches-zentrum\/#breadcrumb\",\"itemListElement\":[{\"@type\":\"ListItem\",\"position\":1,\"name\":\"Home\",\"item\":\"https:\/\/www.quidhotelvenice.com\/de\/\"},{\"@type\":\"ListItem\",\"position\":2,\"name\":\"Was man in Venedig unternehmen kann\",\"item\":\"https:\/\/www.quidhotelvenice.com\/de\/was-man-in-venedig-unternehmen-kann\/\"},{\"@type\":\"ListItem\",\"position\":3,\"name\":\"Historisches Zentrum\"}]},{\"@type\":\"WebSite\",\"@id\":\"https:\/\/www.quidhotelvenice.com\/de\/#website\",\"url\":\"https:\/\/www.quidhotelvenice.com\/de\/\",\"name\":\"Voco Venice Mestre\",\"description\":\"\",\"potentialAction\":[{\"@type\":\"SearchAction\",\"target\":{\"@type\":\"EntryPoint\",\"urlTemplate\":\"https:\/\/www.quidhotelvenice.com\/de\/?s={search_term_string}\"},\"query-input\":{\"@type\":\"PropertyValueSpecification\",\"valueRequired\":true,\"valueName\":\"search_term_string\"}}],\"inLanguage\":\"de-DE\"}]}<\/script>\n<!-- \/ Yoast SEO plugin. -->","yoast_head_json":{"title":"Venedig Zentrum: Einkaufen u. Denkm\u00e4ler | voco\u00ae Venice Mestre","description":"Die Sch\u00f6nheit des Zentrums von Venedig: Essen, Events und mehr. Sehen Sie sich online die Beschreibung vom 4-Sterne-Hotel voco\u00ae Venice Mestre an.","robots":{"index":"index","follow":"follow","max-snippet":"max-snippet:-1","max-image-preview":"max-image-preview:large","max-video-preview":"max-video-preview:-1"},"canonical":"https:\/\/www.quidhotelvenice.com\/de\/was-man-in-venedig-unternehmen-kann\/historisches-zentrum\/","og_locale":"de_DE","og_type":"article","og_title":"Venedig Zentrum: Einkaufen u. Denkm\u00e4ler | voco\u00ae Venice Mestre","og_description":"Die Sch\u00f6nheit des Zentrums von Venedig: Essen, Events und mehr. Sehen Sie sich online die Beschreibung vom 4-Sterne-Hotel voco\u00ae Venice Mestre an.","og_url":"https:\/\/www.quidhotelvenice.com\/de\/was-man-in-venedig-unternehmen-kann\/historisches-zentrum\/","og_site_name":"Voco Venice Mestre","article_modified_time":"2023-08-29T15:31:26+00:00","og_image":[{"width":2200,"height":1200,"url":"https:\/\/www.quidhotelvenice.com\/wp-content\/uploads\/sites\/557\/2023\/07\/Rialto-voco-Venice-Mestre-The-Quid.jpg","type":"image\/jpeg"}],"twitter_card":"summary_large_image","twitter_misc":{"Gesch\u00e4tzte Lesezeit":"1 Minute"},"schema":{"@context":"https:\/\/schema.org","@graph":[{"@type":"WebPage","@id":"https:\/\/www.quidhotelvenice.com\/de\/was-man-in-venedig-unternehmen-kann\/historisches-zentrum\/","url":"https:\/\/www.quidhotelvenice.com\/de\/was-man-in-venedig-unternehmen-kann\/historisches-zentrum\/","name":"Venedig Zentrum: Einkaufen u. Denkm\u00e4ler | voco\u00ae Venice Mestre","isPartOf":{"@id":"https:\/\/www.quidhotelvenice.com\/de\/#website"},"primaryImageOfPage":{"@id":"https:\/\/www.quidhotelvenice.com\/de\/was-man-in-venedig-unternehmen-kann\/historisches-zentrum\/#primaryimage"},"image":{"@id":"https:\/\/www.quidhotelvenice.com\/de\/was-man-in-venedig-unternehmen-kann\/historisches-zentrum\/#primaryimage"},"thumbnailUrl":"https:\/\/www.quidhotelvenice.com\/wp-content\/uploads\/sites\/557\/2023\/07\/Rialto-voco-Venice-Mestre-The-Quid.jpg","datePublished":"2023-07-20T10:29:35+00:00","dateModified":"2023-08-29T15:31:26+00:00","description":"Die Sch\u00f6nheit des Zentrums von Venedig: Essen, Events und mehr. Sehen Sie sich online die Beschreibung vom 4-Sterne-Hotel voco\u00ae Venice Mestre an.","breadcrumb":{"@id":"https:\/\/www.quidhotelvenice.com\/de\/was-man-in-venedig-unternehmen-kann\/historisches-zentrum\/#breadcrumb"},"inLanguage":"de-DE","potentialAction":[{"@type":"ReadAction","target":["https:\/\/www.quidhotelvenice.com\/de\/was-man-in-venedig-unternehmen-kann\/historisches-zentrum\/"]}]},{"@type":"ImageObject","inLanguage":"de-DE","@id":"https:\/\/www.quidhotelvenice.com\/de\/was-man-in-venedig-unternehmen-kann\/historisches-zentrum\/#primaryimage","url":"https:\/\/www.quidhotelvenice.com\/wp-content\/uploads\/sites\/557\/2023\/07\/Rialto-voco-Venice-Mestre-The-Quid.jpg","contentUrl":"https:\/\/www.quidhotelvenice.com\/wp-content\/uploads\/sites\/557\/2023\/07\/Rialto-voco-Venice-Mestre-The-Quid.jpg","width":2200,"height":1200},{"@type":"BreadcrumbList","@id":"https:\/\/www.quidhotelvenice.com\/de\/was-man-in-venedig-unternehmen-kann\/historisches-zentrum\/#breadcrumb","itemListElement":[{"@type":"ListItem","position":1,"name":"Home","item":"https:\/\/www.quidhotelvenice.com\/de\/"},{"@type":"ListItem","position":2,"name":"Was man in Venedig unternehmen kann","item":"https:\/\/www.quidhotelvenice.com\/de\/was-man-in-venedig-unternehmen-kann\/"},{"@type":"ListItem","position":3,"name":"Historisches Zentrum"}]},{"@type":"WebSite","@id":"https:\/\/www.quidhotelvenice.com\/de\/#website","url":"https:\/\/www.quidhotelvenice.com\/de\/","name":"Voco Venice Mestre","description":"","potentialAction":[{"@type":"SearchAction","target":{"@type":"EntryPoint","urlTemplate":"https:\/\/www.quidhotelvenice.com\/de\/?s={search_term_string}"},"query-input":{"@type":"PropertyValueSpecification","valueRequired":true,"valueName":"search_term_string"}}],"inLanguage":"de-DE"}]}},"acf":[],"_links":{"self":[{"href":"https:\/\/www.quidhotelvenice.com\/de\/wp-json\/wp\/v2\/pages\/143","targetHints":{"allow":["GET"]}}],"collection":[{"href":"https:\/\/www.quidhotelvenice.com\/de\/wp-json\/wp\/v2\/pages"}],"about":[{"href":"https:\/\/www.quidhotelvenice.com\/de\/wp-json\/wp\/v2\/types\/page"}],"author":[{"embeddable":true,"href":"https:\/\/www.quidhotelvenice.com\/de\/wp-json\/wp\/v2\/users\/6"}],"replies":[{"embeddable":true,"href":"https:\/\/www.quidhotelvenice.com\/de\/wp-json\/wp\/v2\/comments?post=143"}],"version-history":[{"count":0,"href":"https:\/\/www.quidhotelvenice.com\/de\/wp-json\/wp\/v2\/pages\/143\/revisions"}],"up":[{"embeddable":true,"href":"https:\/\/www.quidhotelvenice.com\/de\/wp-json\/wp\/v2\/pages\/138"}],"wp:featuredmedia":[{"embeddable":true,"href":"https:\/\/www.quidhotelvenice.com\/de\/wp-json\/wp\/v2\/media\/824"}],"wp:attachment":[{"href":"https:\/\/www.quidhotelvenice.com\/de\/wp-json\/wp\/v2\/media?parent=143"}],"curies":[{"name":"wp","href":"https:\/\/api.w.org\/{rel}","templated":true}]}}