{"id":1416,"date":"2024-05-31T15:26:39","date_gmt":"2024-05-31T15:26:39","guid":{"rendered":"https:\/\/www.quidhotelvenice.com\/angebote-und-pakete\/offerta-weekend-a-venezia\/"},"modified":"2026-02-18T14:20:50","modified_gmt":"2026-02-18T14:20:50","slug":"angebot-weekend-in-venedig-hotel-4-voco-venice-mestre-the-quid","status":"publish","type":"page","link":"https:\/\/www.quidhotelvenice.com\/de\/angebote-und-pakete\/angebot-weekend-in-venedig-hotel-4-voco-venice-mestre-the-quid\/","title":{"rendered":"Paket Weekend in Venedig"},"content":{"rendered":"<p>Entdecken Sie den Zauber Venedigs mit unserem exklusiven <strong>Weekend Special<\/strong>-Paket im <strong>voco Venice Mestre &#8211; The Quid<\/strong>. Ein perfektes Angebot f\u00fcr alle, die einen entspannten und komfortablen <strong>Wochenendausflug<\/strong> genie\u00dfen m\u00f6chten. G\u00fcltig f\u00fcr Anreise und Aufenthalt <strong>von Donnerstag bis Sonntag<\/strong>. Sie m\u00fcssen dabei nicht einmal mehrere N\u00e4chte buchen: Auch ein einziger Tag kann zu einem unvergesslichen Erlebnis werden.<\/p>\n<p>Mit dem Paket Weekend Special von voco\u00ae Venedig Mestre &#8211; The Quid haben wir an alles f\u00fcr <strong>einen wundersch\u00f6nen Kurzurlaub<\/strong> gedacht. Das Angebot umfasst ein k\u00f6stliches <strong>Willkommensgetr\u00e4nk<\/strong> f\u00fcr zwei Personen, ein <strong>reichhaltiges Fr\u00fchst\u00fccksbuffet<\/strong>, um mit guter Energie die Stadt zu erkunden, sowie einen <strong>10%-Rabatt<\/strong> f\u00fcr unser <strong>Restaurant und unsere Bar<\/strong>, wo Sie leckere Gerichte und edle Drinks genie\u00dfen k\u00f6nnen. Damit Ihr Aufenthalt noch komfortabler wird, ist ein <strong>Parkplatz<\/strong> im Preis inbegriffen und, falls verf\u00fcgbar, k\u00f6nnen Sie <strong>sp\u00e4t auschecken<\/strong>, um Ihren Urlaub entspannt bis zur letzten Minute auszukosten. Reisen Sie mit <strong>Kindern<\/strong>? F\u00fcr sie gibt es als Geschenk eine spezielle <strong>Puppy Box<\/strong> mit Spielen und Aktivit\u00e4ten zum Ausmalen!<\/p>\n<p>Verpassen Sie nicht die Gelegenheit, ein unvergessliches <strong>Wochenende in Venedig<\/strong> zu erleben. Entscheiden Sie sich bei Ihrer Buchung f\u00fcr das Paket Weekend Special.<\/p>\n","protected":false},"excerpt":{"rendered":"<p>Entdecken Sie den Zauber Venedigs mit unserem exklusiven Weekend Special-Paket im voco Venice Mestre &#8211; The Quid. Ein perfektes Angebot f\u00fcr alle, die einen entspannten und komfortablen Wochenendausflug genie\u00dfen m\u00f6chten. G\u00fcltig f\u00fcr Anreise und Aufenthalt von Donnerstag bis Sonntag. Sie m\u00fcssen dabei nicht einmal mehrere N\u00e4chte buchen: Auch ein einziger Tag kann zu einem unvergesslichen [&hellip;]<\/p>\n","protected":false},"author":652,"featured_media":0,"parent":117,"menu_order":2,"comment_status":"closed","ping_status":"closed","template":"template-default-2.php","meta":{"footnotes":""},"class_list":["post-1416","page","type-page","status-publish","hentry"],"yoast_head":"<!-- This site is optimized with the Yoast SEO plugin v26.9 - https:\/\/yoast.com\/product\/yoast-seo-wordpress\/ -->\n<title>Paket Weekend in Venedig - Voco Venice Mestre<\/title>\n<meta name=\"description\" content=\"Genie\u00dfen Sie unser Angebot Weekend Special im voco Venice Mestre - The Quid! Bei einem Aufenthalt von Donnerstag bis Sonntag erhalten Sie exklusive Vorteile und erleben ein unvergessliches Wochenende in Venedig!\" \/>\n<meta name=\"robots\" content=\"index, follow, max-snippet:-1, max-image-preview:large, max-video-preview:-1\" \/>\n<link rel=\"canonical\" href=\"https:\/\/www.quidhotelvenice.com\/de\/angebote-und-pakete\/angebot-weekend-in-venedig-hotel-4-voco-venice-mestre-the-quid\/\" \/>\n<meta property=\"og:locale\" content=\"de_DE\" \/>\n<meta property=\"og:type\" content=\"article\" \/>\n<meta property=\"og:title\" content=\"Paket Weekend in Venedig - Voco Venice Mestre\" \/>\n<meta property=\"og:description\" content=\"Genie\u00dfen Sie unser Angebot Weekend Special im voco Venice Mestre - The Quid! Bei einem Aufenthalt von Donnerstag bis Sonntag erhalten Sie exklusive Vorteile und erleben ein unvergessliches Wochenende in Venedig!\" \/>\n<meta property=\"og:url\" content=\"https:\/\/www.quidhotelvenice.com\/de\/angebote-und-pakete\/angebot-weekend-in-venedig-hotel-4-voco-venice-mestre-the-quid\/\" \/>\n<meta property=\"og:site_name\" content=\"Voco Venice Mestre\" \/>\n<meta property=\"article:modified_time\" content=\"2026-02-18T14:20:50+00:00\" \/>\n<meta name=\"twitter:card\" content=\"summary_large_image\" \/>\n<meta name=\"twitter:label1\" content=\"Gesch\u00e4tzte Lesezeit\" \/>\n\t<meta name=\"twitter:data1\" content=\"1 Minute\" \/>\n<script type=\"application\/ld+json\" class=\"yoast-schema-graph\">{\"@context\":\"https:\/\/schema.org\",\"@graph\":[{\"@type\":\"WebPage\",\"@id\":\"https:\/\/www.quidhotelvenice.com\/de\/angebote-und-pakete\/angebot-weekend-in-venedig-hotel-4-voco-venice-mestre-the-quid\/\",\"url\":\"https:\/\/www.quidhotelvenice.com\/de\/angebote-und-pakete\/angebot-weekend-in-venedig-hotel-4-voco-venice-mestre-the-quid\/\",\"name\":\"Paket Weekend in Venedig - Voco Venice Mestre\",\"isPartOf\":{\"@id\":\"https:\/\/www.quidhotelvenice.com\/de\/#website\"},\"datePublished\":\"2024-05-31T15:26:39+00:00\",\"dateModified\":\"2026-02-18T14:20:50+00:00\",\"description\":\"Genie\u00dfen Sie unser Angebot Weekend Special im voco Venice Mestre - The Quid! Bei einem Aufenthalt von Donnerstag bis Sonntag erhalten Sie exklusive Vorteile und erleben ein unvergessliches Wochenende in Venedig!\",\"breadcrumb\":{\"@id\":\"https:\/\/www.quidhotelvenice.com\/de\/angebote-und-pakete\/angebot-weekend-in-venedig-hotel-4-voco-venice-mestre-the-quid\/#breadcrumb\"},\"inLanguage\":\"de-DE\",\"potentialAction\":[{\"@type\":\"ReadAction\",\"target\":[\"https:\/\/www.quidhotelvenice.com\/de\/angebote-und-pakete\/angebot-weekend-in-venedig-hotel-4-voco-venice-mestre-the-quid\/\"]}]},{\"@type\":\"BreadcrumbList\",\"@id\":\"https:\/\/www.quidhotelvenice.com\/de\/angebote-und-pakete\/angebot-weekend-in-venedig-hotel-4-voco-venice-mestre-the-quid\/#breadcrumb\",\"itemListElement\":[{\"@type\":\"ListItem\",\"position\":1,\"name\":\"Home\",\"item\":\"https:\/\/www.quidhotelvenice.com\/de\/\"},{\"@type\":\"ListItem\",\"position\":2,\"name\":\"Angebote und Pakete\",\"item\":\"https:\/\/www.quidhotelvenice.com\/de\/angebote-und-pakete\/\"},{\"@type\":\"ListItem\",\"position\":3,\"name\":\"Paket Weekend in Venedig\"}]},{\"@type\":\"WebSite\",\"@id\":\"https:\/\/www.quidhotelvenice.com\/de\/#website\",\"url\":\"https:\/\/www.quidhotelvenice.com\/de\/\",\"name\":\"Voco Venice Mestre\",\"description\":\"\",\"potentialAction\":[{\"@type\":\"SearchAction\",\"target\":{\"@type\":\"EntryPoint\",\"urlTemplate\":\"https:\/\/www.quidhotelvenice.com\/de\/?s={search_term_string}\"},\"query-input\":{\"@type\":\"PropertyValueSpecification\",\"valueRequired\":true,\"valueName\":\"search_term_string\"}}],\"inLanguage\":\"de-DE\"}]}<\/script>\n<!-- \/ Yoast SEO plugin. -->","yoast_head_json":{"title":"Paket Weekend in Venedig - Voco Venice Mestre","description":"Genie\u00dfen Sie unser Angebot Weekend Special im voco Venice Mestre - The Quid! Bei einem Aufenthalt von Donnerstag bis Sonntag erhalten Sie exklusive Vorteile und erleben ein unvergessliches Wochenende in Venedig!","robots":{"index":"index","follow":"follow","max-snippet":"max-snippet:-1","max-image-preview":"max-image-preview:large","max-video-preview":"max-video-preview:-1"},"canonical":"https:\/\/www.quidhotelvenice.com\/de\/angebote-und-pakete\/angebot-weekend-in-venedig-hotel-4-voco-venice-mestre-the-quid\/","og_locale":"de_DE","og_type":"article","og_title":"Paket Weekend in Venedig - Voco Venice Mestre","og_description":"Genie\u00dfen Sie unser Angebot Weekend Special im voco Venice Mestre - The Quid! Bei einem Aufenthalt von Donnerstag bis Sonntag erhalten Sie exklusive Vorteile und erleben ein unvergessliches Wochenende in Venedig!","og_url":"https:\/\/www.quidhotelvenice.com\/de\/angebote-und-pakete\/angebot-weekend-in-venedig-hotel-4-voco-venice-mestre-the-quid\/","og_site_name":"Voco Venice Mestre","article_modified_time":"2026-02-18T14:20:50+00:00","twitter_card":"summary_large_image","twitter_misc":{"Gesch\u00e4tzte Lesezeit":"1 Minute"},"schema":{"@context":"https:\/\/schema.org","@graph":[{"@type":"WebPage","@id":"https:\/\/www.quidhotelvenice.com\/de\/angebote-und-pakete\/angebot-weekend-in-venedig-hotel-4-voco-venice-mestre-the-quid\/","url":"https:\/\/www.quidhotelvenice.com\/de\/angebote-und-pakete\/angebot-weekend-in-venedig-hotel-4-voco-venice-mestre-the-quid\/","name":"Paket Weekend in Venedig - Voco Venice Mestre","isPartOf":{"@id":"https:\/\/www.quidhotelvenice.com\/de\/#website"},"datePublished":"2024-05-31T15:26:39+00:00","dateModified":"2026-02-18T14:20:50+00:00","description":"Genie\u00dfen Sie unser Angebot Weekend Special im voco Venice Mestre - The Quid! Bei einem Aufenthalt von Donnerstag bis Sonntag erhalten Sie exklusive Vorteile und erleben ein unvergessliches Wochenende in Venedig!","breadcrumb":{"@id":"https:\/\/www.quidhotelvenice.com\/de\/angebote-und-pakete\/angebot-weekend-in-venedig-hotel-4-voco-venice-mestre-the-quid\/#breadcrumb"},"inLanguage":"de-DE","potentialAction":[{"@type":"ReadAction","target":["https:\/\/www.quidhotelvenice.com\/de\/angebote-und-pakete\/angebot-weekend-in-venedig-hotel-4-voco-venice-mestre-the-quid\/"]}]},{"@type":"BreadcrumbList","@id":"https:\/\/www.quidhotelvenice.com\/de\/angebote-und-pakete\/angebot-weekend-in-venedig-hotel-4-voco-venice-mestre-the-quid\/#breadcrumb","itemListElement":[{"@type":"ListItem","position":1,"name":"Home","item":"https:\/\/www.quidhotelvenice.com\/de\/"},{"@type":"ListItem","position":2,"name":"Angebote und Pakete","item":"https:\/\/www.quidhotelvenice.com\/de\/angebote-und-pakete\/"},{"@type":"ListItem","position":3,"name":"Paket Weekend in Venedig"}]},{"@type":"WebSite","@id":"https:\/\/www.quidhotelvenice.com\/de\/#website","url":"https:\/\/www.quidhotelvenice.com\/de\/","name":"Voco Venice Mestre","description":"","potentialAction":[{"@type":"SearchAction","target":{"@type":"EntryPoint","urlTemplate":"https:\/\/www.quidhotelvenice.com\/de\/?s={search_term_string}"},"query-input":{"@type":"PropertyValueSpecification","valueRequired":true,"valueName":"search_term_string"}}],"inLanguage":"de-DE"}]}},"acf":[],"_links":{"self":[{"href":"https:\/\/www.quidhotelvenice.com\/de\/wp-json\/wp\/v2\/pages\/1416","targetHints":{"allow":["GET"]}}],"collection":[{"href":"https:\/\/www.quidhotelvenice.com\/de\/wp-json\/wp\/v2\/pages"}],"about":[{"href":"https:\/\/www.quidhotelvenice.com\/de\/wp-json\/wp\/v2\/types\/page"}],"author":[{"embeddable":true,"href":"https:\/\/www.quidhotelvenice.com\/de\/wp-json\/wp\/v2\/users\/652"}],"replies":[{"embeddable":true,"href":"https:\/\/www.quidhotelvenice.com\/de\/wp-json\/wp\/v2\/comments?post=1416"}],"version-history":[{"count":0,"href":"https:\/\/www.quidhotelvenice.com\/de\/wp-json\/wp\/v2\/pages\/1416\/revisions"}],"up":[{"embeddable":true,"href":"https:\/\/www.quidhotelvenice.com\/de\/wp-json\/wp\/v2\/pages\/117"}],"wp:attachment":[{"href":"https:\/\/www.quidhotelvenice.com\/de\/wp-json\/wp\/v2\/media?parent=1416"}],"curies":[{"name":"wp","href":"https:\/\/api.w.org\/{rel}","templated":true}]}}