{"id":1351,"date":"2024-01-25T09:06:01","date_gmt":"2024-01-25T09:06:01","guid":{"rendered":"https:\/\/www.quidhotelvenice.com\/?page_id=1351"},"modified":"2025-04-08T12:37:56","modified_gmt":"2025-04-08T12:37:56","slug":"stay-longer-pay-less-offer","status":"publish","type":"page","link":"https:\/\/www.quidhotelvenice.com\/de\/angebote-und-pakete\/stay-longer-pay-less-offer\/","title":{"rendered":"Stay Longer Pay Less Offer"},"content":{"rendered":"<p>Venedig verdient es, in vollen Z\u00fcgen entdeckt zu werden: Deshalb haben wir das Stay Longer Pay Less-Angebot entwickelt! Mit unserem Angebot sparen Sie umso mehr, je l\u00e4nger Sie bei voco\u00ae Milano-Fiere bleiben.<\/p>\n<p><span style=\"font-weight: 400\">Das Angebot umfasst ein <\/span><b>reichhaltiges Fr\u00fchst\u00fccksbuffet<\/b><span style=\"font-weight: 400\"> sowie den kostenlosen und unbegrenzten Zugang zur<\/span><b> Gaming Area<\/b><span style=\"font-weight: 400\">, der sich hervorragend zum Stressabbau eignet dazu und Freunde und Kollegen zu einer Partie Billard oder Tischfu\u00dfball herauszufordern. Ebenfalls im Paket enthalten ist der Eintritt in den mit Technogym-Ger\u00e4ten ausgestatteten <\/span><b>Fitnessraum.\u00a0<\/b><\/p>\n<p>Reisen Sie mit <strong>Kindern<\/strong>? F\u00fcr sie gibt es als Geschenk eine spezielle <strong>Puppy Box<\/strong> mit Spielen und Aktivit\u00e4ten zum Ausmalen!<\/p>\n","protected":false},"excerpt":{"rendered":"<p>Venedig verdient es, in vollen Z\u00fcgen entdeckt zu werden: Deshalb haben wir das Stay Longer Pay Less-Angebot entwickelt! Mit unserem Angebot sparen Sie umso mehr, je l\u00e4nger Sie bei voco\u00ae Milano-Fiere bleiben. Das Angebot umfasst ein reichhaltiges Fr\u00fchst\u00fccksbuffet sowie den kostenlosen und unbegrenzten Zugang zur Gaming Area, der sich hervorragend zum Stressabbau eignet dazu und [&hellip;]<\/p>\n","protected":false},"author":652,"featured_media":1382,"parent":117,"menu_order":6,"comment_status":"closed","ping_status":"closed","template":"template-default-2.php","meta":{"footnotes":""},"class_list":["post-1351","page","type-page","status-publish","has-post-thumbnail","hentry"],"yoast_head":"<!-- This site is optimized with the Yoast SEO plugin v26.9 - https:\/\/yoast.com\/product\/yoast-seo-wordpress\/ -->\n<title>Stay Longer Pay Less Offer - Voco Venice Mestre<\/title>\n<meta name=\"description\" content=\"Sie planen einen l\u00e4ngeren Aufenthalt in Venedig? Sparen Sie mit dem Stay Longer Pay Less Angebot: Fr\u00fchst\u00fccks-Buffet, Fitnessraum und Gaming Area. Entdecken Sie das Angebot!\" \/>\n<meta name=\"robots\" content=\"index, follow, max-snippet:-1, max-image-preview:large, max-video-preview:-1\" \/>\n<link rel=\"canonical\" href=\"https:\/\/www.quidhotelvenice.com\/de\/angebote-und-pakete\/stay-longer-pay-less-offer\/\" \/>\n<meta property=\"og:locale\" content=\"de_DE\" \/>\n<meta property=\"og:type\" content=\"article\" \/>\n<meta property=\"og:title\" content=\"Stay Longer Pay Less Offer - Voco Venice Mestre\" \/>\n<meta property=\"og:description\" content=\"Sie planen einen l\u00e4ngeren Aufenthalt in Venedig? Sparen Sie mit dem Stay Longer Pay Less Angebot: Fr\u00fchst\u00fccks-Buffet, Fitnessraum und Gaming Area. Entdecken Sie das Angebot!\" \/>\n<meta property=\"og:url\" content=\"https:\/\/www.quidhotelvenice.com\/de\/angebote-und-pakete\/stay-longer-pay-less-offer\/\" \/>\n<meta property=\"og:site_name\" content=\"Voco Venice Mestre\" \/>\n<meta property=\"article:modified_time\" content=\"2025-04-08T12:37:56+00:00\" \/>\n<meta property=\"og:image\" content=\"https:\/\/www.quidhotelvenice.com\/wp-content\/uploads\/sites\/557\/2024\/02\/voco-Venice-Mestre-Offerte-e-Pacchetti.jpg\" \/>\n\t<meta property=\"og:image:width\" content=\"2133\" \/>\n\t<meta property=\"og:image:height\" content=\"1200\" \/>\n\t<meta property=\"og:image:type\" content=\"image\/jpeg\" \/>\n<meta name=\"twitter:card\" content=\"summary_large_image\" \/>\n<meta name=\"twitter:label1\" content=\"Gesch\u00e4tzte Lesezeit\" \/>\n\t<meta name=\"twitter:data1\" content=\"1 Minute\" \/>\n<script type=\"application\/ld+json\" class=\"yoast-schema-graph\">{\"@context\":\"https:\/\/schema.org\",\"@graph\":[{\"@type\":\"WebPage\",\"@id\":\"https:\/\/www.quidhotelvenice.com\/de\/angebote-und-pakete\/stay-longer-pay-less-offer\/\",\"url\":\"https:\/\/www.quidhotelvenice.com\/de\/angebote-und-pakete\/stay-longer-pay-less-offer\/\",\"name\":\"Stay Longer Pay Less Offer - Voco Venice Mestre\",\"isPartOf\":{\"@id\":\"https:\/\/www.quidhotelvenice.com\/de\/#website\"},\"primaryImageOfPage\":{\"@id\":\"https:\/\/www.quidhotelvenice.com\/de\/angebote-und-pakete\/stay-longer-pay-less-offer\/#primaryimage\"},\"image\":{\"@id\":\"https:\/\/www.quidhotelvenice.com\/de\/angebote-und-pakete\/stay-longer-pay-less-offer\/#primaryimage\"},\"thumbnailUrl\":\"https:\/\/www.quidhotelvenice.com\/wp-content\/uploads\/sites\/557\/2024\/02\/voco-Venice-Mestre-Offerte-e-Pacchetti.jpg\",\"datePublished\":\"2024-01-25T09:06:01+00:00\",\"dateModified\":\"2025-04-08T12:37:56+00:00\",\"description\":\"Sie planen einen l\u00e4ngeren Aufenthalt in Venedig? Sparen Sie mit dem Stay Longer Pay Less Angebot: Fr\u00fchst\u00fccks-Buffet, Fitnessraum und Gaming Area. Entdecken Sie das Angebot!\",\"breadcrumb\":{\"@id\":\"https:\/\/www.quidhotelvenice.com\/de\/angebote-und-pakete\/stay-longer-pay-less-offer\/#breadcrumb\"},\"inLanguage\":\"de-DE\",\"potentialAction\":[{\"@type\":\"ReadAction\",\"target\":[\"https:\/\/www.quidhotelvenice.com\/de\/angebote-und-pakete\/stay-longer-pay-less-offer\/\"]}]},{\"@type\":\"ImageObject\",\"inLanguage\":\"de-DE\",\"@id\":\"https:\/\/www.quidhotelvenice.com\/de\/angebote-und-pakete\/stay-longer-pay-less-offer\/#primaryimage\",\"url\":\"https:\/\/www.quidhotelvenice.com\/wp-content\/uploads\/sites\/557\/2024\/02\/voco-Venice-Mestre-Offerte-e-Pacchetti.jpg\",\"contentUrl\":\"https:\/\/www.quidhotelvenice.com\/wp-content\/uploads\/sites\/557\/2024\/02\/voco-Venice-Mestre-Offerte-e-Pacchetti.jpg\",\"width\":2133,\"height\":1200,\"caption\":\"veduta delle case colorate a murano\"},{\"@type\":\"BreadcrumbList\",\"@id\":\"https:\/\/www.quidhotelvenice.com\/de\/angebote-und-pakete\/stay-longer-pay-less-offer\/#breadcrumb\",\"itemListElement\":[{\"@type\":\"ListItem\",\"position\":1,\"name\":\"Home\",\"item\":\"https:\/\/www.quidhotelvenice.com\/de\/\"},{\"@type\":\"ListItem\",\"position\":2,\"name\":\"Angebote und Pakete\",\"item\":\"https:\/\/www.quidhotelvenice.com\/de\/angebote-und-pakete\/\"},{\"@type\":\"ListItem\",\"position\":3,\"name\":\"Stay Longer Pay Less Offer\"}]},{\"@type\":\"WebSite\",\"@id\":\"https:\/\/www.quidhotelvenice.com\/de\/#website\",\"url\":\"https:\/\/www.quidhotelvenice.com\/de\/\",\"name\":\"Voco Venice Mestre\",\"description\":\"\",\"potentialAction\":[{\"@type\":\"SearchAction\",\"target\":{\"@type\":\"EntryPoint\",\"urlTemplate\":\"https:\/\/www.quidhotelvenice.com\/de\/?s={search_term_string}\"},\"query-input\":{\"@type\":\"PropertyValueSpecification\",\"valueRequired\":true,\"valueName\":\"search_term_string\"}}],\"inLanguage\":\"de-DE\"}]}<\/script>\n<!-- \/ Yoast SEO plugin. -->","yoast_head_json":{"title":"Stay Longer Pay Less Offer - Voco Venice Mestre","description":"Sie planen einen l\u00e4ngeren Aufenthalt in Venedig? Sparen Sie mit dem Stay Longer Pay Less Angebot: Fr\u00fchst\u00fccks-Buffet, Fitnessraum und Gaming Area. Entdecken Sie das Angebot!","robots":{"index":"index","follow":"follow","max-snippet":"max-snippet:-1","max-image-preview":"max-image-preview:large","max-video-preview":"max-video-preview:-1"},"canonical":"https:\/\/www.quidhotelvenice.com\/de\/angebote-und-pakete\/stay-longer-pay-less-offer\/","og_locale":"de_DE","og_type":"article","og_title":"Stay Longer Pay Less Offer - Voco Venice Mestre","og_description":"Sie planen einen l\u00e4ngeren Aufenthalt in Venedig? Sparen Sie mit dem Stay Longer Pay Less Angebot: Fr\u00fchst\u00fccks-Buffet, Fitnessraum und Gaming Area. Entdecken Sie das Angebot!","og_url":"https:\/\/www.quidhotelvenice.com\/de\/angebote-und-pakete\/stay-longer-pay-less-offer\/","og_site_name":"Voco Venice Mestre","article_modified_time":"2025-04-08T12:37:56+00:00","og_image":[{"width":2133,"height":1200,"url":"https:\/\/www.quidhotelvenice.com\/wp-content\/uploads\/sites\/557\/2024\/02\/voco-Venice-Mestre-Offerte-e-Pacchetti.jpg","type":"image\/jpeg"}],"twitter_card":"summary_large_image","twitter_misc":{"Gesch\u00e4tzte Lesezeit":"1 Minute"},"schema":{"@context":"https:\/\/schema.org","@graph":[{"@type":"WebPage","@id":"https:\/\/www.quidhotelvenice.com\/de\/angebote-und-pakete\/stay-longer-pay-less-offer\/","url":"https:\/\/www.quidhotelvenice.com\/de\/angebote-und-pakete\/stay-longer-pay-less-offer\/","name":"Stay Longer Pay Less Offer - Voco Venice Mestre","isPartOf":{"@id":"https:\/\/www.quidhotelvenice.com\/de\/#website"},"primaryImageOfPage":{"@id":"https:\/\/www.quidhotelvenice.com\/de\/angebote-und-pakete\/stay-longer-pay-less-offer\/#primaryimage"},"image":{"@id":"https:\/\/www.quidhotelvenice.com\/de\/angebote-und-pakete\/stay-longer-pay-less-offer\/#primaryimage"},"thumbnailUrl":"https:\/\/www.quidhotelvenice.com\/wp-content\/uploads\/sites\/557\/2024\/02\/voco-Venice-Mestre-Offerte-e-Pacchetti.jpg","datePublished":"2024-01-25T09:06:01+00:00","dateModified":"2025-04-08T12:37:56+00:00","description":"Sie planen einen l\u00e4ngeren Aufenthalt in Venedig? Sparen Sie mit dem Stay Longer Pay Less Angebot: Fr\u00fchst\u00fccks-Buffet, Fitnessraum und Gaming Area. Entdecken Sie das Angebot!","breadcrumb":{"@id":"https:\/\/www.quidhotelvenice.com\/de\/angebote-und-pakete\/stay-longer-pay-less-offer\/#breadcrumb"},"inLanguage":"de-DE","potentialAction":[{"@type":"ReadAction","target":["https:\/\/www.quidhotelvenice.com\/de\/angebote-und-pakete\/stay-longer-pay-less-offer\/"]}]},{"@type":"ImageObject","inLanguage":"de-DE","@id":"https:\/\/www.quidhotelvenice.com\/de\/angebote-und-pakete\/stay-longer-pay-less-offer\/#primaryimage","url":"https:\/\/www.quidhotelvenice.com\/wp-content\/uploads\/sites\/557\/2024\/02\/voco-Venice-Mestre-Offerte-e-Pacchetti.jpg","contentUrl":"https:\/\/www.quidhotelvenice.com\/wp-content\/uploads\/sites\/557\/2024\/02\/voco-Venice-Mestre-Offerte-e-Pacchetti.jpg","width":2133,"height":1200,"caption":"veduta delle case colorate a murano"},{"@type":"BreadcrumbList","@id":"https:\/\/www.quidhotelvenice.com\/de\/angebote-und-pakete\/stay-longer-pay-less-offer\/#breadcrumb","itemListElement":[{"@type":"ListItem","position":1,"name":"Home","item":"https:\/\/www.quidhotelvenice.com\/de\/"},{"@type":"ListItem","position":2,"name":"Angebote und Pakete","item":"https:\/\/www.quidhotelvenice.com\/de\/angebote-und-pakete\/"},{"@type":"ListItem","position":3,"name":"Stay Longer Pay Less Offer"}]},{"@type":"WebSite","@id":"https:\/\/www.quidhotelvenice.com\/de\/#website","url":"https:\/\/www.quidhotelvenice.com\/de\/","name":"Voco Venice Mestre","description":"","potentialAction":[{"@type":"SearchAction","target":{"@type":"EntryPoint","urlTemplate":"https:\/\/www.quidhotelvenice.com\/de\/?s={search_term_string}"},"query-input":{"@type":"PropertyValueSpecification","valueRequired":true,"valueName":"search_term_string"}}],"inLanguage":"de-DE"}]}},"acf":[],"_links":{"self":[{"href":"https:\/\/www.quidhotelvenice.com\/de\/wp-json\/wp\/v2\/pages\/1351","targetHints":{"allow":["GET"]}}],"collection":[{"href":"https:\/\/www.quidhotelvenice.com\/de\/wp-json\/wp\/v2\/pages"}],"about":[{"href":"https:\/\/www.quidhotelvenice.com\/de\/wp-json\/wp\/v2\/types\/page"}],"author":[{"embeddable":true,"href":"https:\/\/www.quidhotelvenice.com\/de\/wp-json\/wp\/v2\/users\/652"}],"replies":[{"embeddable":true,"href":"https:\/\/www.quidhotelvenice.com\/de\/wp-json\/wp\/v2\/comments?post=1351"}],"version-history":[{"count":0,"href":"https:\/\/www.quidhotelvenice.com\/de\/wp-json\/wp\/v2\/pages\/1351\/revisions"}],"up":[{"embeddable":true,"href":"https:\/\/www.quidhotelvenice.com\/de\/wp-json\/wp\/v2\/pages\/117"}],"wp:featuredmedia":[{"embeddable":true,"href":"https:\/\/www.quidhotelvenice.com\/de\/wp-json\/wp\/v2\/media\/1382"}],"wp:attachment":[{"href":"https:\/\/www.quidhotelvenice.com\/de\/wp-json\/wp\/v2\/media?parent=1351"}],"curies":[{"name":"wp","href":"https:\/\/api.w.org\/{rel}","templated":true}]}}