{"id":131,"date":"2023-07-20T10:22:37","date_gmt":"2023-07-20T10:22:37","guid":{"rendered":"https:\/\/voco-venice.ms.decms.eu\/offerte-e-pacchetti\/tariffa-cena-piu-colazione\/"},"modified":"2025-02-06T07:57:36","modified_gmt":"2025-02-06T07:57:36","slug":"tarif-abendessen-und-fruehstueck","status":"publish","type":"page","link":"https:\/\/www.quidhotelvenice.com\/de\/angebote-und-pakete\/tarif-abendessen-und-fruehstueck\/","title":{"rendered":"Tarif Abendessen und Fr\u00fchst\u00fcck"},"content":{"rendered":"<p><span style=\"font-weight: 400\">Dieses Angebot richtet sich an alle, die ein<\/span><b> Vier-Sterne-Hotel in Venedig<\/b><span style=\"font-weight: 400\"> suchen, um die Stadt in vollen Z\u00fcgen <\/span><i><span style=\"font-weight: 400\">genie\u00dfen<\/span><\/i><span style=\"font-weight: 400\"> zu k\u00f6nnen. Dank des <\/span><i><span style=\"font-weight: 400\">Tarifs<\/span><\/i> <i><span style=\"font-weight: 400\">Abendessen und Fr\u00fchst\u00fcck<\/span><\/i><span style=\"font-weight: 400\"> k\u00f6nnen Sie nicht nur Ihren Aufenthalt genie\u00dfen, sondern auch ein exzellentes Drei-G\u00e4nge-Men\u00fc in unserem <\/span><b>Restaurant Ludico mit dem Men\u00fc unseres K\u00fcchenchefs Daniele Amato<\/b><span style=\"font-weight: 400\">.\u00a0 <\/span><span style=\"font-weight: 400\"><br \/>\n<\/span><span style=\"font-weight: 400\">Wenn Sie den <\/span><i><span style=\"font-weight: 400\">Tarif<\/span><\/i> <i><span style=\"font-weight: 400\">Abendessen und Fr\u00fchst\u00fcck<\/span><\/i><span style=\"font-weight: 400\"> buchen, erhalten Sie au\u00dferdem ein <\/span><b>k\u00f6stliches Fr\u00fchst\u00fccksbuffet<\/b><span style=\"font-weight: 400\"> und haben unbegrenzten Zugang zum <\/span><b>Fitnessraum<\/b><span style=\"font-weight: 400\"> und zur <\/span><b>Gaming Area<\/b><span style=\"font-weight: 400\">.<\/span><\/p>\n<p>Reisen Sie mit <strong>Kindern<\/strong>? F\u00fcr sie gibt es als Geschenk eine spezielle <strong>Puppy Box<\/strong> mit Spielen und Aktivit\u00e4ten zum Ausmalen!<\/p>\n","protected":false},"excerpt":{"rendered":"<p>Dieses Angebot richtet sich an alle, die ein Vier-Sterne-Hotel in Venedig suchen, um die Stadt in vollen Z\u00fcgen genie\u00dfen zu k\u00f6nnen. Dank des Tarifs Abendessen und Fr\u00fchst\u00fcck k\u00f6nnen Sie nicht nur Ihren Aufenthalt genie\u00dfen, sondern auch ein exzellentes Drei-G\u00e4nge-Men\u00fc in unserem Restaurant Ludico mit dem Men\u00fc unseres K\u00fcchenchefs Daniele Amato.\u00a0 Wenn Sie den Tarif Abendessen [&hellip;]<\/p>\n","protected":false},"author":6,"featured_media":812,"parent":117,"menu_order":4,"comment_status":"closed","ping_status":"closed","template":"template-default-2.php","meta":{"footnotes":""},"class_list":["post-131","page","type-page","status-publish","has-post-thumbnail","hentry"],"yoast_head":"<!-- This site is optimized with the Yoast SEO plugin v26.9 - https:\/\/yoast.com\/product\/yoast-seo-wordpress\/ -->\n<title>Abendessen- und Fr\u00fchst\u00fcck | voco\u00ae Venice Mestre - The Quid<\/title>\n<meta name=\"description\" content=\"Verw\u00f6hnen Sie Ihren Gaumen: Speisen Sie im Ludico Restaurant und genie\u00dfen Sie unser Fr\u00fchst\u00fccksbuffet. Das Angebot des voco\u00ae Venice Mestre Hotel!\" \/>\n<meta name=\"robots\" content=\"index, follow, max-snippet:-1, max-image-preview:large, max-video-preview:-1\" \/>\n<link rel=\"canonical\" href=\"https:\/\/www.quidhotelvenice.com\/de\/angebote-und-pakete\/tarif-abendessen-und-fruehstueck\/\" \/>\n<meta property=\"og:locale\" content=\"de_DE\" \/>\n<meta property=\"og:type\" content=\"article\" \/>\n<meta property=\"og:title\" content=\"Abendessen- und Fr\u00fchst\u00fcck | voco\u00ae Venice Mestre - The Quid\" \/>\n<meta property=\"og:description\" content=\"Verw\u00f6hnen Sie Ihren Gaumen: Speisen Sie im Ludico Restaurant und genie\u00dfen Sie unser Fr\u00fchst\u00fccksbuffet. Das Angebot des voco\u00ae Venice Mestre Hotel!\" \/>\n<meta property=\"og:url\" content=\"https:\/\/www.quidhotelvenice.com\/de\/angebote-und-pakete\/tarif-abendessen-und-fruehstueck\/\" \/>\n<meta property=\"og:site_name\" content=\"Voco Venice Mestre\" \/>\n<meta property=\"article:modified_time\" content=\"2025-02-06T07:57:36+00:00\" \/>\n<meta property=\"og:image\" content=\"https:\/\/www.quidhotelvenice.com\/wp-content\/uploads\/sites\/557\/2023\/07\/Ludico-Restaurant-Dinner-voco-Venice-Mestre-The-Quid.jpg\" \/>\n\t<meta property=\"og:image:width\" content=\"2200\" \/>\n\t<meta property=\"og:image:height\" content=\"1200\" \/>\n\t<meta property=\"og:image:type\" content=\"image\/jpeg\" \/>\n<meta name=\"twitter:card\" content=\"summary_large_image\" \/>\n<meta name=\"twitter:label1\" content=\"Gesch\u00e4tzte Lesezeit\" \/>\n\t<meta name=\"twitter:data1\" content=\"1 Minute\" \/>\n<script type=\"application\/ld+json\" class=\"yoast-schema-graph\">{\"@context\":\"https:\/\/schema.org\",\"@graph\":[{\"@type\":\"WebPage\",\"@id\":\"https:\/\/www.quidhotelvenice.com\/de\/angebote-und-pakete\/tarif-abendessen-und-fruehstueck\/\",\"url\":\"https:\/\/www.quidhotelvenice.com\/de\/angebote-und-pakete\/tarif-abendessen-und-fruehstueck\/\",\"name\":\"Abendessen- und Fr\u00fchst\u00fcck | voco\u00ae Venice Mestre - The Quid\",\"isPartOf\":{\"@id\":\"https:\/\/www.quidhotelvenice.com\/de\/#website\"},\"primaryImageOfPage\":{\"@id\":\"https:\/\/www.quidhotelvenice.com\/de\/angebote-und-pakete\/tarif-abendessen-und-fruehstueck\/#primaryimage\"},\"image\":{\"@id\":\"https:\/\/www.quidhotelvenice.com\/de\/angebote-und-pakete\/tarif-abendessen-und-fruehstueck\/#primaryimage\"},\"thumbnailUrl\":\"https:\/\/www.quidhotelvenice.com\/wp-content\/uploads\/sites\/557\/2023\/07\/Ludico-Restaurant-Dinner-voco-Venice-Mestre-The-Quid.jpg\",\"datePublished\":\"2023-07-20T10:22:37+00:00\",\"dateModified\":\"2025-02-06T07:57:36+00:00\",\"description\":\"Verw\u00f6hnen Sie Ihren Gaumen: Speisen Sie im Ludico Restaurant und genie\u00dfen Sie unser Fr\u00fchst\u00fccksbuffet. Das Angebot des voco\u00ae Venice Mestre Hotel!\",\"breadcrumb\":{\"@id\":\"https:\/\/www.quidhotelvenice.com\/de\/angebote-und-pakete\/tarif-abendessen-und-fruehstueck\/#breadcrumb\"},\"inLanguage\":\"de-DE\",\"potentialAction\":[{\"@type\":\"ReadAction\",\"target\":[\"https:\/\/www.quidhotelvenice.com\/de\/angebote-und-pakete\/tarif-abendessen-und-fruehstueck\/\"]}]},{\"@type\":\"ImageObject\",\"inLanguage\":\"de-DE\",\"@id\":\"https:\/\/www.quidhotelvenice.com\/de\/angebote-und-pakete\/tarif-abendessen-und-fruehstueck\/#primaryimage\",\"url\":\"https:\/\/www.quidhotelvenice.com\/wp-content\/uploads\/sites\/557\/2023\/07\/Ludico-Restaurant-Dinner-voco-Venice-Mestre-The-Quid.jpg\",\"contentUrl\":\"https:\/\/www.quidhotelvenice.com\/wp-content\/uploads\/sites\/557\/2023\/07\/Ludico-Restaurant-Dinner-voco-Venice-Mestre-The-Quid.jpg\",\"width\":2200,\"height\":1200},{\"@type\":\"BreadcrumbList\",\"@id\":\"https:\/\/www.quidhotelvenice.com\/de\/angebote-und-pakete\/tarif-abendessen-und-fruehstueck\/#breadcrumb\",\"itemListElement\":[{\"@type\":\"ListItem\",\"position\":1,\"name\":\"Home\",\"item\":\"https:\/\/www.quidhotelvenice.com\/de\/\"},{\"@type\":\"ListItem\",\"position\":2,\"name\":\"Angebote und Pakete\",\"item\":\"https:\/\/www.quidhotelvenice.com\/de\/angebote-und-pakete\/\"},{\"@type\":\"ListItem\",\"position\":3,\"name\":\"Tarif Abendessen und Fr\u00fchst\u00fcck\"}]},{\"@type\":\"WebSite\",\"@id\":\"https:\/\/www.quidhotelvenice.com\/de\/#website\",\"url\":\"https:\/\/www.quidhotelvenice.com\/de\/\",\"name\":\"Voco Venice Mestre\",\"description\":\"\",\"potentialAction\":[{\"@type\":\"SearchAction\",\"target\":{\"@type\":\"EntryPoint\",\"urlTemplate\":\"https:\/\/www.quidhotelvenice.com\/de\/?s={search_term_string}\"},\"query-input\":{\"@type\":\"PropertyValueSpecification\",\"valueRequired\":true,\"valueName\":\"search_term_string\"}}],\"inLanguage\":\"de-DE\"}]}<\/script>\n<!-- \/ Yoast SEO plugin. -->","yoast_head_json":{"title":"Abendessen- und Fr\u00fchst\u00fcck | voco\u00ae Venice Mestre - The Quid","description":"Verw\u00f6hnen Sie Ihren Gaumen: Speisen Sie im Ludico Restaurant und genie\u00dfen Sie unser Fr\u00fchst\u00fccksbuffet. Das Angebot des voco\u00ae Venice Mestre Hotel!","robots":{"index":"index","follow":"follow","max-snippet":"max-snippet:-1","max-image-preview":"max-image-preview:large","max-video-preview":"max-video-preview:-1"},"canonical":"https:\/\/www.quidhotelvenice.com\/de\/angebote-und-pakete\/tarif-abendessen-und-fruehstueck\/","og_locale":"de_DE","og_type":"article","og_title":"Abendessen- und Fr\u00fchst\u00fcck | voco\u00ae Venice Mestre - The Quid","og_description":"Verw\u00f6hnen Sie Ihren Gaumen: Speisen Sie im Ludico Restaurant und genie\u00dfen Sie unser Fr\u00fchst\u00fccksbuffet. Das Angebot des voco\u00ae Venice Mestre Hotel!","og_url":"https:\/\/www.quidhotelvenice.com\/de\/angebote-und-pakete\/tarif-abendessen-und-fruehstueck\/","og_site_name":"Voco Venice Mestre","article_modified_time":"2025-02-06T07:57:36+00:00","og_image":[{"width":2200,"height":1200,"url":"https:\/\/www.quidhotelvenice.com\/wp-content\/uploads\/sites\/557\/2023\/07\/Ludico-Restaurant-Dinner-voco-Venice-Mestre-The-Quid.jpg","type":"image\/jpeg"}],"twitter_card":"summary_large_image","twitter_misc":{"Gesch\u00e4tzte Lesezeit":"1 Minute"},"schema":{"@context":"https:\/\/schema.org","@graph":[{"@type":"WebPage","@id":"https:\/\/www.quidhotelvenice.com\/de\/angebote-und-pakete\/tarif-abendessen-und-fruehstueck\/","url":"https:\/\/www.quidhotelvenice.com\/de\/angebote-und-pakete\/tarif-abendessen-und-fruehstueck\/","name":"Abendessen- und Fr\u00fchst\u00fcck | voco\u00ae Venice Mestre - The Quid","isPartOf":{"@id":"https:\/\/www.quidhotelvenice.com\/de\/#website"},"primaryImageOfPage":{"@id":"https:\/\/www.quidhotelvenice.com\/de\/angebote-und-pakete\/tarif-abendessen-und-fruehstueck\/#primaryimage"},"image":{"@id":"https:\/\/www.quidhotelvenice.com\/de\/angebote-und-pakete\/tarif-abendessen-und-fruehstueck\/#primaryimage"},"thumbnailUrl":"https:\/\/www.quidhotelvenice.com\/wp-content\/uploads\/sites\/557\/2023\/07\/Ludico-Restaurant-Dinner-voco-Venice-Mestre-The-Quid.jpg","datePublished":"2023-07-20T10:22:37+00:00","dateModified":"2025-02-06T07:57:36+00:00","description":"Verw\u00f6hnen Sie Ihren Gaumen: Speisen Sie im Ludico Restaurant und genie\u00dfen Sie unser Fr\u00fchst\u00fccksbuffet. Das Angebot des voco\u00ae Venice Mestre Hotel!","breadcrumb":{"@id":"https:\/\/www.quidhotelvenice.com\/de\/angebote-und-pakete\/tarif-abendessen-und-fruehstueck\/#breadcrumb"},"inLanguage":"de-DE","potentialAction":[{"@type":"ReadAction","target":["https:\/\/www.quidhotelvenice.com\/de\/angebote-und-pakete\/tarif-abendessen-und-fruehstueck\/"]}]},{"@type":"ImageObject","inLanguage":"de-DE","@id":"https:\/\/www.quidhotelvenice.com\/de\/angebote-und-pakete\/tarif-abendessen-und-fruehstueck\/#primaryimage","url":"https:\/\/www.quidhotelvenice.com\/wp-content\/uploads\/sites\/557\/2023\/07\/Ludico-Restaurant-Dinner-voco-Venice-Mestre-The-Quid.jpg","contentUrl":"https:\/\/www.quidhotelvenice.com\/wp-content\/uploads\/sites\/557\/2023\/07\/Ludico-Restaurant-Dinner-voco-Venice-Mestre-The-Quid.jpg","width":2200,"height":1200},{"@type":"BreadcrumbList","@id":"https:\/\/www.quidhotelvenice.com\/de\/angebote-und-pakete\/tarif-abendessen-und-fruehstueck\/#breadcrumb","itemListElement":[{"@type":"ListItem","position":1,"name":"Home","item":"https:\/\/www.quidhotelvenice.com\/de\/"},{"@type":"ListItem","position":2,"name":"Angebote und Pakete","item":"https:\/\/www.quidhotelvenice.com\/de\/angebote-und-pakete\/"},{"@type":"ListItem","position":3,"name":"Tarif Abendessen und Fr\u00fchst\u00fcck"}]},{"@type":"WebSite","@id":"https:\/\/www.quidhotelvenice.com\/de\/#website","url":"https:\/\/www.quidhotelvenice.com\/de\/","name":"Voco Venice Mestre","description":"","potentialAction":[{"@type":"SearchAction","target":{"@type":"EntryPoint","urlTemplate":"https:\/\/www.quidhotelvenice.com\/de\/?s={search_term_string}"},"query-input":{"@type":"PropertyValueSpecification","valueRequired":true,"valueName":"search_term_string"}}],"inLanguage":"de-DE"}]}},"acf":[],"_links":{"self":[{"href":"https:\/\/www.quidhotelvenice.com\/de\/wp-json\/wp\/v2\/pages\/131","targetHints":{"allow":["GET"]}}],"collection":[{"href":"https:\/\/www.quidhotelvenice.com\/de\/wp-json\/wp\/v2\/pages"}],"about":[{"href":"https:\/\/www.quidhotelvenice.com\/de\/wp-json\/wp\/v2\/types\/page"}],"author":[{"embeddable":true,"href":"https:\/\/www.quidhotelvenice.com\/de\/wp-json\/wp\/v2\/users\/6"}],"replies":[{"embeddable":true,"href":"https:\/\/www.quidhotelvenice.com\/de\/wp-json\/wp\/v2\/comments?post=131"}],"version-history":[{"count":0,"href":"https:\/\/www.quidhotelvenice.com\/de\/wp-json\/wp\/v2\/pages\/131\/revisions"}],"up":[{"embeddable":true,"href":"https:\/\/www.quidhotelvenice.com\/de\/wp-json\/wp\/v2\/pages\/117"}],"wp:featuredmedia":[{"embeddable":true,"href":"https:\/\/www.quidhotelvenice.com\/de\/wp-json\/wp\/v2\/media\/812"}],"wp:attachment":[{"href":"https:\/\/www.quidhotelvenice.com\/de\/wp-json\/wp\/v2\/media?parent=131"}],"curies":[{"name":"wp","href":"https:\/\/api.w.org\/{rel}","templated":true}]}}