{"id":117,"date":"2023-07-20T08:33:59","date_gmt":"2023-07-20T08:33:59","guid":{"rendered":"https:\/\/voco-venice.ms.decms.eu\/offerte-e-pacchetti\/"},"modified":"2026-02-18T14:16:32","modified_gmt":"2026-02-18T14:16:32","slug":"angebote-und-pakete","status":"publish","type":"page","link":"https:\/\/www.quidhotelvenice.com\/de\/angebote-und-pakete\/","title":{"rendered":"Angebote und Pakete"},"content":{"rendered":"<p><span style=\"font-weight: 400\">Suchen Sie ein <\/span><b>Vier-Sterne-Hotel<\/b><span style=\"font-weight: 400\"> in Venedig oder Mestre, das perfekt angebunden ist und von dem aus Sie die Lagune <\/span><b>leicht erreichen<\/b><span style=\"font-weight: 400\"> k\u00f6nnen? <\/span><span style=\"font-weight: 400\"><br \/>\n<\/span><span style=\"font-weight: 400\">Das voco\u00ae Venice Mestre hat alles, was Sie sich w\u00fcnschen und noch viel mehr!<\/span><\/p>\n<p><span style=\"font-weight: 400\">Ideal f\u00fcr Gesch\u00e4ftsreisende, Familien und Freunde, denn hier steht Ihnen ein <\/span><b>hochqualifiziertes Personal<\/b><span style=\"font-weight: 400\"> zur Verf\u00fcgung, das keine W\u00fcnsche offen l\u00e4sst! St\u00f6bern Sie in unseren <\/span><b>Angeboten<\/b><span style=\"font-weight: 400\">, werfen Sie einen Blick auf unsere Reise- und Urlaubspakete und finden Sie <\/span><b>das f\u00fcr Sie passende Angebot<\/b><span style=\"font-weight: 400\">. <\/span><span style=\"font-weight: 400\"><br \/>\n<\/span><span style=\"font-weight: 400\">Wir machen Ihre Reise zu einem absolut unvergesslichen Erlebnis, Ehrenwort von voco\u00ae.<\/span><\/p>\n<p>&nbsp;<\/p>\n<p><span style=\"font-weight: 400\">Erfahren Sie mehr!<\/span><\/p>\n","protected":false},"excerpt":{"rendered":"<p>Suchen Sie ein Vier-Sterne-Hotel in Venedig oder Mestre, das perfekt angebunden ist und von dem aus Sie die Lagune leicht erreichen k\u00f6nnen? Das voco\u00ae Venice Mestre hat alles, was Sie sich w\u00fcnschen und noch viel mehr! Ideal f\u00fcr Gesch\u00e4ftsreisende, Familien und Freunde, denn hier steht Ihnen ein hochqualifiziertes Personal zur Verf\u00fcgung, das keine W\u00fcnsche offen [&hellip;]<\/p>\n","protected":false},"author":6,"featured_media":1357,"parent":0,"menu_order":70,"comment_status":"closed","ping_status":"closed","template":"template-offers.php","meta":{"footnotes":""},"class_list":["post-117","page","type-page","status-publish","has-post-thumbnail","hentry"],"yoast_head":"<!-- This site is optimized with the Yoast SEO plugin v26.9 - https:\/\/yoast.com\/product\/yoast-seo-wordpress\/ -->\n<title>Angebote und Pakete Hotel | voco\u00ae Venice Mestre - The Quid<\/title>\n<meta name=\"description\" content=\"Spezielle Angebote voco\u00ae Venice Mestre Hotel. W\u00e4hlen Sie aus einer Reihe von Angeboten, um Ihren Aufenthalt in Mestre zu versch\u00f6nern.\" \/>\n<meta name=\"robots\" content=\"index, follow, max-snippet:-1, max-image-preview:large, max-video-preview:-1\" \/>\n<link rel=\"canonical\" href=\"https:\/\/www.quidhotelvenice.com\/de\/angebote-und-pakete\/\" \/>\n<meta property=\"og:locale\" content=\"de_DE\" \/>\n<meta property=\"og:type\" content=\"article\" \/>\n<meta property=\"og:title\" content=\"Angebote und Pakete Hotel | voco\u00ae Venice Mestre - The Quid\" \/>\n<meta property=\"og:description\" content=\"Spezielle Angebote voco\u00ae Venice Mestre Hotel. W\u00e4hlen Sie aus einer Reihe von Angeboten, um Ihren Aufenthalt in Mestre zu versch\u00f6nern.\" \/>\n<meta property=\"og:url\" content=\"https:\/\/www.quidhotelvenice.com\/de\/angebote-und-pakete\/\" \/>\n<meta property=\"og:site_name\" content=\"Voco Venice Mestre\" \/>\n<meta property=\"article:modified_time\" content=\"2026-02-18T14:16:32+00:00\" \/>\n<meta property=\"og:image\" content=\"https:\/\/www.quidhotelvenice.com\/wp-content\/uploads\/sites\/557\/2024\/01\/voco-Venice-Mestre-The-Quid-Stay-Longer-Pay-Less-Offer.jpg\" \/>\n\t<meta property=\"og:image:width\" content=\"2133\" \/>\n\t<meta property=\"og:image:height\" content=\"1200\" \/>\n\t<meta property=\"og:image:type\" content=\"image\/jpeg\" \/>\n<meta name=\"twitter:card\" content=\"summary_large_image\" \/>\n<meta name=\"twitter:label1\" content=\"Gesch\u00e4tzte Lesezeit\" \/>\n\t<meta name=\"twitter:data1\" content=\"1 Minute\" \/>\n<script type=\"application\/ld+json\" class=\"yoast-schema-graph\">{\"@context\":\"https:\/\/schema.org\",\"@graph\":[{\"@type\":\"WebPage\",\"@id\":\"https:\/\/www.quidhotelvenice.com\/de\/angebote-und-pakete\/\",\"url\":\"https:\/\/www.quidhotelvenice.com\/de\/angebote-und-pakete\/\",\"name\":\"Angebote und Pakete Hotel | voco\u00ae Venice Mestre - The Quid\",\"isPartOf\":{\"@id\":\"https:\/\/www.quidhotelvenice.com\/de\/#website\"},\"primaryImageOfPage\":{\"@id\":\"https:\/\/www.quidhotelvenice.com\/de\/angebote-und-pakete\/#primaryimage\"},\"image\":{\"@id\":\"https:\/\/www.quidhotelvenice.com\/de\/angebote-und-pakete\/#primaryimage\"},\"thumbnailUrl\":\"https:\/\/www.quidhotelvenice.com\/wp-content\/uploads\/sites\/557\/2024\/01\/voco-Venice-Mestre-The-Quid-Stay-Longer-Pay-Less-Offer.jpg\",\"datePublished\":\"2023-07-20T08:33:59+00:00\",\"dateModified\":\"2026-02-18T14:16:32+00:00\",\"description\":\"Spezielle Angebote voco\u00ae Venice Mestre Hotel. W\u00e4hlen Sie aus einer Reihe von Angeboten, um Ihren Aufenthalt in Mestre zu versch\u00f6nern.\",\"breadcrumb\":{\"@id\":\"https:\/\/www.quidhotelvenice.com\/de\/angebote-und-pakete\/#breadcrumb\"},\"inLanguage\":\"de-DE\",\"potentialAction\":[{\"@type\":\"ReadAction\",\"target\":[\"https:\/\/www.quidhotelvenice.com\/de\/angebote-und-pakete\/\"]}]},{\"@type\":\"ImageObject\",\"inLanguage\":\"de-DE\",\"@id\":\"https:\/\/www.quidhotelvenice.com\/de\/angebote-und-pakete\/#primaryimage\",\"url\":\"https:\/\/www.quidhotelvenice.com\/wp-content\/uploads\/sites\/557\/2024\/01\/voco-Venice-Mestre-The-Quid-Stay-Longer-Pay-Less-Offer.jpg\",\"contentUrl\":\"https:\/\/www.quidhotelvenice.com\/wp-content\/uploads\/sites\/557\/2024\/01\/voco-Venice-Mestre-The-Quid-Stay-Longer-Pay-Less-Offer.jpg\",\"width\":2133,\"height\":1200,\"caption\":\"Turista che visita Isola di Burano a Venezia\"},{\"@type\":\"BreadcrumbList\",\"@id\":\"https:\/\/www.quidhotelvenice.com\/de\/angebote-und-pakete\/#breadcrumb\",\"itemListElement\":[{\"@type\":\"ListItem\",\"position\":1,\"name\":\"Home\",\"item\":\"https:\/\/www.quidhotelvenice.com\/de\/\"},{\"@type\":\"ListItem\",\"position\":2,\"name\":\"Angebote und Pakete\"}]},{\"@type\":\"WebSite\",\"@id\":\"https:\/\/www.quidhotelvenice.com\/de\/#website\",\"url\":\"https:\/\/www.quidhotelvenice.com\/de\/\",\"name\":\"Voco Venice Mestre\",\"description\":\"\",\"potentialAction\":[{\"@type\":\"SearchAction\",\"target\":{\"@type\":\"EntryPoint\",\"urlTemplate\":\"https:\/\/www.quidhotelvenice.com\/de\/?s={search_term_string}\"},\"query-input\":{\"@type\":\"PropertyValueSpecification\",\"valueRequired\":true,\"valueName\":\"search_term_string\"}}],\"inLanguage\":\"de-DE\"}]}<\/script>\n<!-- \/ Yoast SEO plugin. -->","yoast_head_json":{"title":"Angebote und Pakete Hotel | voco\u00ae Venice Mestre - The Quid","description":"Spezielle Angebote voco\u00ae Venice Mestre Hotel. W\u00e4hlen Sie aus einer Reihe von Angeboten, um Ihren Aufenthalt in Mestre zu versch\u00f6nern.","robots":{"index":"index","follow":"follow","max-snippet":"max-snippet:-1","max-image-preview":"max-image-preview:large","max-video-preview":"max-video-preview:-1"},"canonical":"https:\/\/www.quidhotelvenice.com\/de\/angebote-und-pakete\/","og_locale":"de_DE","og_type":"article","og_title":"Angebote und Pakete Hotel | voco\u00ae Venice Mestre - The Quid","og_description":"Spezielle Angebote voco\u00ae Venice Mestre Hotel. W\u00e4hlen Sie aus einer Reihe von Angeboten, um Ihren Aufenthalt in Mestre zu versch\u00f6nern.","og_url":"https:\/\/www.quidhotelvenice.com\/de\/angebote-und-pakete\/","og_site_name":"Voco Venice Mestre","article_modified_time":"2026-02-18T14:16:32+00:00","og_image":[{"width":2133,"height":1200,"url":"https:\/\/www.quidhotelvenice.com\/wp-content\/uploads\/sites\/557\/2024\/01\/voco-Venice-Mestre-The-Quid-Stay-Longer-Pay-Less-Offer.jpg","type":"image\/jpeg"}],"twitter_card":"summary_large_image","twitter_misc":{"Gesch\u00e4tzte Lesezeit":"1 Minute"},"schema":{"@context":"https:\/\/schema.org","@graph":[{"@type":"WebPage","@id":"https:\/\/www.quidhotelvenice.com\/de\/angebote-und-pakete\/","url":"https:\/\/www.quidhotelvenice.com\/de\/angebote-und-pakete\/","name":"Angebote und Pakete Hotel | voco\u00ae Venice Mestre - The Quid","isPartOf":{"@id":"https:\/\/www.quidhotelvenice.com\/de\/#website"},"primaryImageOfPage":{"@id":"https:\/\/www.quidhotelvenice.com\/de\/angebote-und-pakete\/#primaryimage"},"image":{"@id":"https:\/\/www.quidhotelvenice.com\/de\/angebote-und-pakete\/#primaryimage"},"thumbnailUrl":"https:\/\/www.quidhotelvenice.com\/wp-content\/uploads\/sites\/557\/2024\/01\/voco-Venice-Mestre-The-Quid-Stay-Longer-Pay-Less-Offer.jpg","datePublished":"2023-07-20T08:33:59+00:00","dateModified":"2026-02-18T14:16:32+00:00","description":"Spezielle Angebote voco\u00ae Venice Mestre Hotel. W\u00e4hlen Sie aus einer Reihe von Angeboten, um Ihren Aufenthalt in Mestre zu versch\u00f6nern.","breadcrumb":{"@id":"https:\/\/www.quidhotelvenice.com\/de\/angebote-und-pakete\/#breadcrumb"},"inLanguage":"de-DE","potentialAction":[{"@type":"ReadAction","target":["https:\/\/www.quidhotelvenice.com\/de\/angebote-und-pakete\/"]}]},{"@type":"ImageObject","inLanguage":"de-DE","@id":"https:\/\/www.quidhotelvenice.com\/de\/angebote-und-pakete\/#primaryimage","url":"https:\/\/www.quidhotelvenice.com\/wp-content\/uploads\/sites\/557\/2024\/01\/voco-Venice-Mestre-The-Quid-Stay-Longer-Pay-Less-Offer.jpg","contentUrl":"https:\/\/www.quidhotelvenice.com\/wp-content\/uploads\/sites\/557\/2024\/01\/voco-Venice-Mestre-The-Quid-Stay-Longer-Pay-Less-Offer.jpg","width":2133,"height":1200,"caption":"Turista che visita Isola di Burano a Venezia"},{"@type":"BreadcrumbList","@id":"https:\/\/www.quidhotelvenice.com\/de\/angebote-und-pakete\/#breadcrumb","itemListElement":[{"@type":"ListItem","position":1,"name":"Home","item":"https:\/\/www.quidhotelvenice.com\/de\/"},{"@type":"ListItem","position":2,"name":"Angebote und Pakete"}]},{"@type":"WebSite","@id":"https:\/\/www.quidhotelvenice.com\/de\/#website","url":"https:\/\/www.quidhotelvenice.com\/de\/","name":"Voco Venice Mestre","description":"","potentialAction":[{"@type":"SearchAction","target":{"@type":"EntryPoint","urlTemplate":"https:\/\/www.quidhotelvenice.com\/de\/?s={search_term_string}"},"query-input":{"@type":"PropertyValueSpecification","valueRequired":true,"valueName":"search_term_string"}}],"inLanguage":"de-DE"}]}},"acf":[],"_links":{"self":[{"href":"https:\/\/www.quidhotelvenice.com\/de\/wp-json\/wp\/v2\/pages\/117","targetHints":{"allow":["GET"]}}],"collection":[{"href":"https:\/\/www.quidhotelvenice.com\/de\/wp-json\/wp\/v2\/pages"}],"about":[{"href":"https:\/\/www.quidhotelvenice.com\/de\/wp-json\/wp\/v2\/types\/page"}],"author":[{"embeddable":true,"href":"https:\/\/www.quidhotelvenice.com\/de\/wp-json\/wp\/v2\/users\/6"}],"replies":[{"embeddable":true,"href":"https:\/\/www.quidhotelvenice.com\/de\/wp-json\/wp\/v2\/comments?post=117"}],"version-history":[{"count":0,"href":"https:\/\/www.quidhotelvenice.com\/de\/wp-json\/wp\/v2\/pages\/117\/revisions"}],"wp:featuredmedia":[{"embeddable":true,"href":"https:\/\/www.quidhotelvenice.com\/de\/wp-json\/wp\/v2\/media\/1357"}],"wp:attachment":[{"href":"https:\/\/www.quidhotelvenice.com\/de\/wp-json\/wp\/v2\/media?parent=117"}],"curies":[{"name":"wp","href":"https:\/\/api.w.org\/{rel}","templated":true}]}}