{"id":114,"date":"2023-07-20T08:30:29","date_gmt":"2023-07-20T08:30:29","guid":{"rendered":"https:\/\/voco-venice.ms.decms.eu\/servizi\/servizi-per-animali\/"},"modified":"2023-08-29T14:51:19","modified_gmt":"2023-08-29T14:51:19","slug":"servicleistungen-fuer-tiere","status":"publish","type":"page","link":"https:\/\/www.quidhotelvenice.com\/de\/servicleistungen\/servicleistungen-fuer-tiere\/","title":{"rendered":"Servicleistungen f\u00fcr Tiere"},"content":{"rendered":"<p><span style=\"font-weight: 400;\">Sie planen einen Urlaub in der wundersch\u00f6nen Lagune von Venedig und suchen ein <\/span><b>tierfreundliches Hotel<\/b><span style=\"font-weight: 400;\"> f\u00fcr Ihren <\/span><b>vierbeinigen Freund<\/b><span style=\"font-weight: 400;\">?<\/span><span style=\"font-weight: 400;\"><br \/>\n<\/span><span style=\"font-weight: 400;\">Entscheiden Sie sich f\u00fcr das voco\u00ae Venice Mestre und genie\u00dfen Sie erholsame Tage in Gesellschaft Ihrer Haustiere!\u00a0<\/span><\/p>\n<p><span style=\"font-weight: 400;\">Wir akzeptieren <\/span><b>kleine Haustiere<\/b><span style=\"font-weight: 400;\">, die freien Zugang zu Ihrem Zimmer haben, gegen einen kleinen Aufpreis (10 \u20ac\/Tag plus 30 \u20ac f\u00fcr die Endreinigung).<\/span><\/p>\n<p><span style=\"font-weight: 400;\">Sie m\u00fcssen lediglich unsere <\/span><b>Pet Policy<\/b><span style=\"font-weight: 400;\"> akzeptieren und in den \u00f6ffentlichen Bereichen des Hotels <\/span><b>Halsband und Leine<\/b><span style=\"font-weight: 400;\"> anlegen, um die Sicherheit Ihres Haustieres und die unserer G\u00e4ste zu gew\u00e4hrleisten. <\/span><\/p>\n","protected":false},"excerpt":{"rendered":"<p>Sie planen einen Urlaub in der wundersch\u00f6nen Lagune von Venedig und suchen ein tierfreundliches Hotel f\u00fcr Ihren vierbeinigen Freund? Entscheiden Sie sich f\u00fcr das voco\u00ae Venice Mestre und genie\u00dfen Sie erholsame Tage in Gesellschaft Ihrer Haustiere!\u00a0 Wir akzeptieren kleine Haustiere, die freien Zugang zu Ihrem Zimmer haben, gegen einen kleinen Aufpreis (10 \u20ac\/Tag plus 30 [&hellip;]<\/p>\n","protected":false},"author":6,"featured_media":796,"parent":92,"menu_order":66,"comment_status":"closed","ping_status":"closed","template":"template-default-4.php","meta":{"footnotes":""},"class_list":["post-114","page","type-page","status-publish","has-post-thumbnail","hentry"],"yoast_head":"<!-- This site is optimized with the Yoast SEO plugin v26.9 - https:\/\/yoast.com\/product\/yoast-seo-wordpress\/ -->\n<title>Haustierfreundliches Hotel | voco\u00ae Venice Mestre - The Quid<\/title>\n<meta name=\"description\" content=\"Genie\u00dfen Sie den Aufenthalt mit Ihrem vierbeinigen Freund im voco\u00ae Venice Mestre! Haustiere sind in unserem 4-Sterne-Hotel willkommen.\" \/>\n<meta name=\"robots\" content=\"index, follow, max-snippet:-1, max-image-preview:large, max-video-preview:-1\" \/>\n<link rel=\"canonical\" href=\"https:\/\/www.quidhotelvenice.com\/de\/servicleistungen\/servicleistungen-fuer-tiere\/\" \/>\n<meta property=\"og:locale\" content=\"de_DE\" \/>\n<meta property=\"og:type\" content=\"article\" \/>\n<meta property=\"og:title\" content=\"Haustierfreundliches Hotel | voco\u00ae Venice Mestre - The Quid\" \/>\n<meta property=\"og:description\" content=\"Genie\u00dfen Sie den Aufenthalt mit Ihrem vierbeinigen Freund im voco\u00ae Venice Mestre! Haustiere sind in unserem 4-Sterne-Hotel willkommen.\" \/>\n<meta property=\"og:url\" content=\"https:\/\/www.quidhotelvenice.com\/de\/servicleistungen\/servicleistungen-fuer-tiere\/\" \/>\n<meta property=\"og:site_name\" content=\"Voco Venice Mestre\" \/>\n<meta property=\"article:modified_time\" content=\"2023-08-29T14:51:19+00:00\" \/>\n<meta property=\"og:image\" content=\"https:\/\/www.quidhotelvenice.com\/wp-content\/uploads\/sites\/557\/2023\/07\/Pet-Oriented-Hotel-voco-Venice-Mestre-The-Quid_1.jpg\" \/>\n\t<meta property=\"og:image:width\" content=\"2200\" \/>\n\t<meta property=\"og:image:height\" content=\"1200\" \/>\n\t<meta property=\"og:image:type\" content=\"image\/jpeg\" \/>\n<meta name=\"twitter:card\" content=\"summary_large_image\" \/>\n<script type=\"application\/ld+json\" class=\"yoast-schema-graph\">{\"@context\":\"https:\/\/schema.org\",\"@graph\":[{\"@type\":\"WebPage\",\"@id\":\"https:\/\/www.quidhotelvenice.com\/de\/servicleistungen\/servicleistungen-fuer-tiere\/\",\"url\":\"https:\/\/www.quidhotelvenice.com\/de\/servicleistungen\/servicleistungen-fuer-tiere\/\",\"name\":\"Haustierfreundliches Hotel | voco\u00ae Venice Mestre - The Quid\",\"isPartOf\":{\"@id\":\"https:\/\/www.quidhotelvenice.com\/de\/#website\"},\"primaryImageOfPage\":{\"@id\":\"https:\/\/www.quidhotelvenice.com\/de\/servicleistungen\/servicleistungen-fuer-tiere\/#primaryimage\"},\"image\":{\"@id\":\"https:\/\/www.quidhotelvenice.com\/de\/servicleistungen\/servicleistungen-fuer-tiere\/#primaryimage\"},\"thumbnailUrl\":\"https:\/\/www.quidhotelvenice.com\/wp-content\/uploads\/sites\/557\/2023\/07\/Pet-Oriented-Hotel-voco-Venice-Mestre-The-Quid_1.jpg\",\"datePublished\":\"2023-07-20T08:30:29+00:00\",\"dateModified\":\"2023-08-29T14:51:19+00:00\",\"description\":\"Genie\u00dfen Sie den Aufenthalt mit Ihrem vierbeinigen Freund im voco\u00ae Venice Mestre! Haustiere sind in unserem 4-Sterne-Hotel willkommen.\",\"breadcrumb\":{\"@id\":\"https:\/\/www.quidhotelvenice.com\/de\/servicleistungen\/servicleistungen-fuer-tiere\/#breadcrumb\"},\"inLanguage\":\"de-DE\",\"potentialAction\":[{\"@type\":\"ReadAction\",\"target\":[\"https:\/\/www.quidhotelvenice.com\/de\/servicleistungen\/servicleistungen-fuer-tiere\/\"]}]},{\"@type\":\"ImageObject\",\"inLanguage\":\"de-DE\",\"@id\":\"https:\/\/www.quidhotelvenice.com\/de\/servicleistungen\/servicleistungen-fuer-tiere\/#primaryimage\",\"url\":\"https:\/\/www.quidhotelvenice.com\/wp-content\/uploads\/sites\/557\/2023\/07\/Pet-Oriented-Hotel-voco-Venice-Mestre-The-Quid_1.jpg\",\"contentUrl\":\"https:\/\/www.quidhotelvenice.com\/wp-content\/uploads\/sites\/557\/2023\/07\/Pet-Oriented-Hotel-voco-Venice-Mestre-The-Quid_1.jpg\",\"width\":2200,\"height\":1200},{\"@type\":\"BreadcrumbList\",\"@id\":\"https:\/\/www.quidhotelvenice.com\/de\/servicleistungen\/servicleistungen-fuer-tiere\/#breadcrumb\",\"itemListElement\":[{\"@type\":\"ListItem\",\"position\":1,\"name\":\"Home\",\"item\":\"https:\/\/www.quidhotelvenice.com\/de\/\"},{\"@type\":\"ListItem\",\"position\":2,\"name\":\"Servicleistungen\",\"item\":\"https:\/\/www.quidhotelvenice.com\/de\/servicleistungen\/\"},{\"@type\":\"ListItem\",\"position\":3,\"name\":\"Servicleistungen f\u00fcr Tiere\"}]},{\"@type\":\"WebSite\",\"@id\":\"https:\/\/www.quidhotelvenice.com\/de\/#website\",\"url\":\"https:\/\/www.quidhotelvenice.com\/de\/\",\"name\":\"Voco Venice Mestre\",\"description\":\"\",\"potentialAction\":[{\"@type\":\"SearchAction\",\"target\":{\"@type\":\"EntryPoint\",\"urlTemplate\":\"https:\/\/www.quidhotelvenice.com\/de\/?s={search_term_string}\"},\"query-input\":{\"@type\":\"PropertyValueSpecification\",\"valueRequired\":true,\"valueName\":\"search_term_string\"}}],\"inLanguage\":\"de-DE\"}]}<\/script>\n<!-- \/ Yoast SEO plugin. -->","yoast_head_json":{"title":"Haustierfreundliches Hotel | voco\u00ae Venice Mestre - The Quid","description":"Genie\u00dfen Sie den Aufenthalt mit Ihrem vierbeinigen Freund im voco\u00ae Venice Mestre! Haustiere sind in unserem 4-Sterne-Hotel willkommen.","robots":{"index":"index","follow":"follow","max-snippet":"max-snippet:-1","max-image-preview":"max-image-preview:large","max-video-preview":"max-video-preview:-1"},"canonical":"https:\/\/www.quidhotelvenice.com\/de\/servicleistungen\/servicleistungen-fuer-tiere\/","og_locale":"de_DE","og_type":"article","og_title":"Haustierfreundliches Hotel | voco\u00ae Venice Mestre - The Quid","og_description":"Genie\u00dfen Sie den Aufenthalt mit Ihrem vierbeinigen Freund im voco\u00ae Venice Mestre! Haustiere sind in unserem 4-Sterne-Hotel willkommen.","og_url":"https:\/\/www.quidhotelvenice.com\/de\/servicleistungen\/servicleistungen-fuer-tiere\/","og_site_name":"Voco Venice Mestre","article_modified_time":"2023-08-29T14:51:19+00:00","og_image":[{"width":2200,"height":1200,"url":"https:\/\/www.quidhotelvenice.com\/wp-content\/uploads\/sites\/557\/2023\/07\/Pet-Oriented-Hotel-voco-Venice-Mestre-The-Quid_1.jpg","type":"image\/jpeg"}],"twitter_card":"summary_large_image","schema":{"@context":"https:\/\/schema.org","@graph":[{"@type":"WebPage","@id":"https:\/\/www.quidhotelvenice.com\/de\/servicleistungen\/servicleistungen-fuer-tiere\/","url":"https:\/\/www.quidhotelvenice.com\/de\/servicleistungen\/servicleistungen-fuer-tiere\/","name":"Haustierfreundliches Hotel | voco\u00ae Venice Mestre - The Quid","isPartOf":{"@id":"https:\/\/www.quidhotelvenice.com\/de\/#website"},"primaryImageOfPage":{"@id":"https:\/\/www.quidhotelvenice.com\/de\/servicleistungen\/servicleistungen-fuer-tiere\/#primaryimage"},"image":{"@id":"https:\/\/www.quidhotelvenice.com\/de\/servicleistungen\/servicleistungen-fuer-tiere\/#primaryimage"},"thumbnailUrl":"https:\/\/www.quidhotelvenice.com\/wp-content\/uploads\/sites\/557\/2023\/07\/Pet-Oriented-Hotel-voco-Venice-Mestre-The-Quid_1.jpg","datePublished":"2023-07-20T08:30:29+00:00","dateModified":"2023-08-29T14:51:19+00:00","description":"Genie\u00dfen Sie den Aufenthalt mit Ihrem vierbeinigen Freund im voco\u00ae Venice Mestre! Haustiere sind in unserem 4-Sterne-Hotel willkommen.","breadcrumb":{"@id":"https:\/\/www.quidhotelvenice.com\/de\/servicleistungen\/servicleistungen-fuer-tiere\/#breadcrumb"},"inLanguage":"de-DE","potentialAction":[{"@type":"ReadAction","target":["https:\/\/www.quidhotelvenice.com\/de\/servicleistungen\/servicleistungen-fuer-tiere\/"]}]},{"@type":"ImageObject","inLanguage":"de-DE","@id":"https:\/\/www.quidhotelvenice.com\/de\/servicleistungen\/servicleistungen-fuer-tiere\/#primaryimage","url":"https:\/\/www.quidhotelvenice.com\/wp-content\/uploads\/sites\/557\/2023\/07\/Pet-Oriented-Hotel-voco-Venice-Mestre-The-Quid_1.jpg","contentUrl":"https:\/\/www.quidhotelvenice.com\/wp-content\/uploads\/sites\/557\/2023\/07\/Pet-Oriented-Hotel-voco-Venice-Mestre-The-Quid_1.jpg","width":2200,"height":1200},{"@type":"BreadcrumbList","@id":"https:\/\/www.quidhotelvenice.com\/de\/servicleistungen\/servicleistungen-fuer-tiere\/#breadcrumb","itemListElement":[{"@type":"ListItem","position":1,"name":"Home","item":"https:\/\/www.quidhotelvenice.com\/de\/"},{"@type":"ListItem","position":2,"name":"Servicleistungen","item":"https:\/\/www.quidhotelvenice.com\/de\/servicleistungen\/"},{"@type":"ListItem","position":3,"name":"Servicleistungen f\u00fcr Tiere"}]},{"@type":"WebSite","@id":"https:\/\/www.quidhotelvenice.com\/de\/#website","url":"https:\/\/www.quidhotelvenice.com\/de\/","name":"Voco Venice Mestre","description":"","potentialAction":[{"@type":"SearchAction","target":{"@type":"EntryPoint","urlTemplate":"https:\/\/www.quidhotelvenice.com\/de\/?s={search_term_string}"},"query-input":{"@type":"PropertyValueSpecification","valueRequired":true,"valueName":"search_term_string"}}],"inLanguage":"de-DE"}]}},"acf":[],"_links":{"self":[{"href":"https:\/\/www.quidhotelvenice.com\/de\/wp-json\/wp\/v2\/pages\/114","targetHints":{"allow":["GET"]}}],"collection":[{"href":"https:\/\/www.quidhotelvenice.com\/de\/wp-json\/wp\/v2\/pages"}],"about":[{"href":"https:\/\/www.quidhotelvenice.com\/de\/wp-json\/wp\/v2\/types\/page"}],"author":[{"embeddable":true,"href":"https:\/\/www.quidhotelvenice.com\/de\/wp-json\/wp\/v2\/users\/6"}],"replies":[{"embeddable":true,"href":"https:\/\/www.quidhotelvenice.com\/de\/wp-json\/wp\/v2\/comments?post=114"}],"version-history":[{"count":0,"href":"https:\/\/www.quidhotelvenice.com\/de\/wp-json\/wp\/v2\/pages\/114\/revisions"}],"up":[{"embeddable":true,"href":"https:\/\/www.quidhotelvenice.com\/de\/wp-json\/wp\/v2\/pages\/92"}],"wp:featuredmedia":[{"embeddable":true,"href":"https:\/\/www.quidhotelvenice.com\/de\/wp-json\/wp\/v2\/media\/796"}],"wp:attachment":[{"href":"https:\/\/www.quidhotelvenice.com\/de\/wp-json\/wp\/v2\/media?parent=114"}],"curies":[{"name":"wp","href":"https:\/\/api.w.org\/{rel}","templated":true}]}}