{"id":109,"date":"2023-07-20T08:29:07","date_gmt":"2023-07-20T08:29:07","guid":{"rendered":"https:\/\/voco-venice.ms.decms.eu\/servizi\/servizi-per-famiglie\/"},"modified":"2023-08-29T14:50:51","modified_gmt":"2023-08-29T14:50:51","slug":"servicleistungen-fuer-familien","status":"publish","type":"page","link":"https:\/\/www.quidhotelvenice.com\/de\/servicleistungen\/servicleistungen-fuer-familien\/","title":{"rendered":"Servicleistungen f\u00fcr Familien"},"content":{"rendered":"<p><span style=\"font-weight: 400;\">Sind Sie auf der Suche nach einem <\/span><b>familienfreundlichen<\/b><span style=\"font-weight: 400;\"> Hotel in Venedig? Im voco\u00ae Venice Mestre finden Sie alles, was Sie suchen, und noch viel mehr!\u00a0<\/span><\/p>\n<p><span style=\"font-weight: 400;\">Es liegt <\/span><b>strategisch g\u00fcnstig<\/b><span style=\"font-weight: 400;\">, nur zwei Minuten von der Autobahnauffahrt der A4 entfernt, mit guter Anbindung an die <\/span><b>Lagune von Venedig<\/b><span style=\"font-weight: 400;\">. Dank der guten Anbindung an die Flugh\u00e4fen Venedig und Mestre ist das voco\u00ae Venice Mestre die ideale L\u00f6sung f\u00fcr einen<\/span><b> komfortablen und erholsamen Familienurlaub<\/b><span style=\"font-weight: 400;\">.\u00a0<\/span><\/p>\n<p><span style=\"font-weight: 400;\">Wir bieten unseren G\u00e4sten <\/span><b>Dreibettzimmer f\u00fcr Familien<\/b><span style=\"font-weight: 400;\"> mit einem Doppelbett und einer Schlafcouch oder <\/span><b>Familienzimmer mit Verbindungst\u00fcr<\/b><span style=\"font-weight: 400;\"> (ein Zimmer mit einem Doppelbett und einer Schlafcouch, das andere mit zwei Einzelbetten) f\u00fcr Eltern, die mehr Privatsph\u00e4re w\u00fcnschen, ohne auf Sicherheit zu verzichten. Da wir uns der Vielfalt der Familien bewusst sind, k\u00f6nnen Reisende mit Kindern im Vorschulalter auf Anfrage ein <\/span><b>Kinderbett<\/b><span style=\"font-weight: 400;\"> in ihrem Zimmer aufstellen lassen und w\u00e4hrend der Mahlzeiten einen der vom Hotelrestaurant zur Verf\u00fcgung gestellten <\/span><b>Kindersitze<\/b><span style=\"font-weight: 400;\"> benutzen.\u00a0<\/span><\/p>\n<p><span style=\"font-weight: 400;\">Ihre Kinder k\u00f6nnen aus unserem <\/span><b>Kindermen\u00fc<\/b><span style=\"font-weight: 400;\"> w\u00e4hlen, ein leckeres <\/span><b>Nutella<\/b><span style=\"font-weight: 400;\">\u00ae-Fr\u00fchst\u00fcck genie\u00dfen und sich in unserer Gaming Area vergn\u00fcgen, immer unter Aufsicht eines Erwachsenen. <\/span><span style=\"font-weight: 400;\"><br \/>\n<\/span><span style=\"font-weight: 400;\">Fordern Sie sie zu einer Partie Tischfu\u00dfball heraus, bringen Sie ihnen alle Tricks des Billards bei und schaffen Sie bleibende Erinnerungen!<\/span><\/p>\n","protected":false},"excerpt":{"rendered":"<p>Sind Sie auf der Suche nach einem familienfreundlichen Hotel in Venedig? Im voco\u00ae Venice Mestre finden Sie alles, was Sie suchen, und noch viel mehr!\u00a0 Es liegt strategisch g\u00fcnstig, nur zwei Minuten von der Autobahnauffahrt der A4 entfernt, mit guter Anbindung an die Lagune von Venedig. Dank der guten Anbindung an die Flugh\u00e4fen Venedig und [&hellip;]<\/p>\n","protected":false},"author":6,"featured_media":1539,"parent":92,"menu_order":65,"comment_status":"closed","ping_status":"closed","template":"template-default-4.php","meta":{"footnotes":""},"class_list":["post-109","page","type-page","status-publish","has-post-thumbnail","hentry"],"yoast_head":"<!-- This site is optimized with the Yoast SEO plugin v26.9 - https:\/\/yoast.com\/product\/yoast-seo-wordpress\/ -->\n<title>Hotel mit Familien-Service | voco\u00ae Venice Mestre - The Quid<\/title>\n<meta name=\"description\" content=\"Planen Sie einen Familienurlaub? Genie\u00dfen Sie unsere Serviceleistungen f\u00fcr Familien: Zimmer mit Verbindungst\u00fcr, Kindermen\u00fcs und Gaming Area.\" \/>\n<meta name=\"robots\" content=\"index, follow, max-snippet:-1, max-image-preview:large, max-video-preview:-1\" \/>\n<link rel=\"canonical\" href=\"https:\/\/www.quidhotelvenice.com\/de\/servicleistungen\/servicleistungen-fuer-familien\/\" \/>\n<meta property=\"og:locale\" content=\"de_DE\" \/>\n<meta property=\"og:type\" content=\"article\" \/>\n<meta property=\"og:title\" content=\"Hotel mit Familien-Service | voco\u00ae Venice Mestre - The Quid\" \/>\n<meta property=\"og:description\" content=\"Planen Sie einen Familienurlaub? Genie\u00dfen Sie unsere Serviceleistungen f\u00fcr Familien: Zimmer mit Verbindungst\u00fcr, Kindermen\u00fcs und Gaming Area.\" \/>\n<meta property=\"og:url\" content=\"https:\/\/www.quidhotelvenice.com\/de\/servicleistungen\/servicleistungen-fuer-familien\/\" \/>\n<meta property=\"og:site_name\" content=\"Voco Venice Mestre\" \/>\n<meta property=\"article:modified_time\" content=\"2023-08-29T14:50:51+00:00\" \/>\n<meta property=\"og:image\" content=\"https:\/\/www.quidhotelvenice.com\/wp-content\/uploads\/sites\/557\/2023\/07\/Family-Oriented-Hotel-voco-Venice-Mestre-The-Quid_1.jpg\" \/>\n\t<meta property=\"og:image:width\" content=\"2200\" \/>\n\t<meta property=\"og:image:height\" content=\"1200\" \/>\n\t<meta property=\"og:image:type\" content=\"image\/jpeg\" \/>\n<meta name=\"twitter:card\" content=\"summary_large_image\" \/>\n<meta name=\"twitter:label1\" content=\"Gesch\u00e4tzte Lesezeit\" \/>\n\t<meta name=\"twitter:data1\" content=\"1 Minute\" \/>\n<script type=\"application\/ld+json\" class=\"yoast-schema-graph\">{\"@context\":\"https:\/\/schema.org\",\"@graph\":[{\"@type\":\"WebPage\",\"@id\":\"https:\/\/www.quidhotelvenice.com\/de\/servicleistungen\/servicleistungen-fuer-familien\/\",\"url\":\"https:\/\/www.quidhotelvenice.com\/de\/servicleistungen\/servicleistungen-fuer-familien\/\",\"name\":\"Hotel mit Familien-Service | voco\u00ae Venice Mestre - The Quid\",\"isPartOf\":{\"@id\":\"https:\/\/www.quidhotelvenice.com\/de\/#website\"},\"primaryImageOfPage\":{\"@id\":\"https:\/\/www.quidhotelvenice.com\/de\/servicleistungen\/servicleistungen-fuer-familien\/#primaryimage\"},\"image\":{\"@id\":\"https:\/\/www.quidhotelvenice.com\/de\/servicleistungen\/servicleistungen-fuer-familien\/#primaryimage\"},\"thumbnailUrl\":\"https:\/\/www.quidhotelvenice.com\/wp-content\/uploads\/sites\/557\/2024\/10\/voco-Venice-Mestre-The-Quid-Rooms-Standard-Room-Connecting_2.jpg\",\"datePublished\":\"2023-07-20T08:29:07+00:00\",\"dateModified\":\"2023-08-29T14:50:51+00:00\",\"description\":\"Planen Sie einen Familienurlaub? Genie\u00dfen Sie unsere Serviceleistungen f\u00fcr Familien: Zimmer mit Verbindungst\u00fcr, Kindermen\u00fcs und Gaming Area.\",\"breadcrumb\":{\"@id\":\"https:\/\/www.quidhotelvenice.com\/de\/servicleistungen\/servicleistungen-fuer-familien\/#breadcrumb\"},\"inLanguage\":\"de-DE\",\"potentialAction\":[{\"@type\":\"ReadAction\",\"target\":[\"https:\/\/www.quidhotelvenice.com\/de\/servicleistungen\/servicleistungen-fuer-familien\/\"]}]},{\"@type\":\"ImageObject\",\"inLanguage\":\"de-DE\",\"@id\":\"https:\/\/www.quidhotelvenice.com\/de\/servicleistungen\/servicleistungen-fuer-familien\/#primaryimage\",\"url\":\"https:\/\/www.quidhotelvenice.com\/wp-content\/uploads\/sites\/557\/2024\/10\/voco-Venice-Mestre-The-Quid-Rooms-Standard-Room-Connecting_2.jpg\",\"contentUrl\":\"https:\/\/www.quidhotelvenice.com\/wp-content\/uploads\/sites\/557\/2024\/10\/voco-Venice-Mestre-The-Quid-Rooms-Standard-Room-Connecting_2.jpg\",\"width\":1800,\"height\":1200,\"caption\":\"xr:d:DAFv1zrttXk:3,j:6213120131975390217,t:23092915\"},{\"@type\":\"BreadcrumbList\",\"@id\":\"https:\/\/www.quidhotelvenice.com\/de\/servicleistungen\/servicleistungen-fuer-familien\/#breadcrumb\",\"itemListElement\":[{\"@type\":\"ListItem\",\"position\":1,\"name\":\"Home\",\"item\":\"https:\/\/www.quidhotelvenice.com\/de\/\"},{\"@type\":\"ListItem\",\"position\":2,\"name\":\"Servicleistungen\",\"item\":\"https:\/\/www.quidhotelvenice.com\/de\/servicleistungen\/\"},{\"@type\":\"ListItem\",\"position\":3,\"name\":\"Servicleistungen f\u00fcr Familien\"}]},{\"@type\":\"WebSite\",\"@id\":\"https:\/\/www.quidhotelvenice.com\/de\/#website\",\"url\":\"https:\/\/www.quidhotelvenice.com\/de\/\",\"name\":\"Voco Venice Mestre\",\"description\":\"\",\"potentialAction\":[{\"@type\":\"SearchAction\",\"target\":{\"@type\":\"EntryPoint\",\"urlTemplate\":\"https:\/\/www.quidhotelvenice.com\/de\/?s={search_term_string}\"},\"query-input\":{\"@type\":\"PropertyValueSpecification\",\"valueRequired\":true,\"valueName\":\"search_term_string\"}}],\"inLanguage\":\"de-DE\"}]}<\/script>\n<!-- \/ Yoast SEO plugin. -->","yoast_head_json":{"title":"Hotel mit Familien-Service | voco\u00ae Venice Mestre - The Quid","description":"Planen Sie einen Familienurlaub? Genie\u00dfen Sie unsere Serviceleistungen f\u00fcr Familien: Zimmer mit Verbindungst\u00fcr, Kindermen\u00fcs und Gaming Area.","robots":{"index":"index","follow":"follow","max-snippet":"max-snippet:-1","max-image-preview":"max-image-preview:large","max-video-preview":"max-video-preview:-1"},"canonical":"https:\/\/www.quidhotelvenice.com\/de\/servicleistungen\/servicleistungen-fuer-familien\/","og_locale":"de_DE","og_type":"article","og_title":"Hotel mit Familien-Service | voco\u00ae Venice Mestre - The Quid","og_description":"Planen Sie einen Familienurlaub? Genie\u00dfen Sie unsere Serviceleistungen f\u00fcr Familien: Zimmer mit Verbindungst\u00fcr, Kindermen\u00fcs und Gaming Area.","og_url":"https:\/\/www.quidhotelvenice.com\/de\/servicleistungen\/servicleistungen-fuer-familien\/","og_site_name":"Voco Venice Mestre","article_modified_time":"2023-08-29T14:50:51+00:00","og_image":[{"width":2200,"height":1200,"url":"https:\/\/www.quidhotelvenice.com\/wp-content\/uploads\/sites\/557\/2023\/07\/Family-Oriented-Hotel-voco-Venice-Mestre-The-Quid_1.jpg","type":"image\/jpeg"}],"twitter_card":"summary_large_image","twitter_misc":{"Gesch\u00e4tzte Lesezeit":"1 Minute"},"schema":{"@context":"https:\/\/schema.org","@graph":[{"@type":"WebPage","@id":"https:\/\/www.quidhotelvenice.com\/de\/servicleistungen\/servicleistungen-fuer-familien\/","url":"https:\/\/www.quidhotelvenice.com\/de\/servicleistungen\/servicleistungen-fuer-familien\/","name":"Hotel mit Familien-Service | voco\u00ae Venice Mestre - The Quid","isPartOf":{"@id":"https:\/\/www.quidhotelvenice.com\/de\/#website"},"primaryImageOfPage":{"@id":"https:\/\/www.quidhotelvenice.com\/de\/servicleistungen\/servicleistungen-fuer-familien\/#primaryimage"},"image":{"@id":"https:\/\/www.quidhotelvenice.com\/de\/servicleistungen\/servicleistungen-fuer-familien\/#primaryimage"},"thumbnailUrl":"https:\/\/www.quidhotelvenice.com\/wp-content\/uploads\/sites\/557\/2024\/10\/voco-Venice-Mestre-The-Quid-Rooms-Standard-Room-Connecting_2.jpg","datePublished":"2023-07-20T08:29:07+00:00","dateModified":"2023-08-29T14:50:51+00:00","description":"Planen Sie einen Familienurlaub? Genie\u00dfen Sie unsere Serviceleistungen f\u00fcr Familien: Zimmer mit Verbindungst\u00fcr, Kindermen\u00fcs und Gaming Area.","breadcrumb":{"@id":"https:\/\/www.quidhotelvenice.com\/de\/servicleistungen\/servicleistungen-fuer-familien\/#breadcrumb"},"inLanguage":"de-DE","potentialAction":[{"@type":"ReadAction","target":["https:\/\/www.quidhotelvenice.com\/de\/servicleistungen\/servicleistungen-fuer-familien\/"]}]},{"@type":"ImageObject","inLanguage":"de-DE","@id":"https:\/\/www.quidhotelvenice.com\/de\/servicleistungen\/servicleistungen-fuer-familien\/#primaryimage","url":"https:\/\/www.quidhotelvenice.com\/wp-content\/uploads\/sites\/557\/2024\/10\/voco-Venice-Mestre-The-Quid-Rooms-Standard-Room-Connecting_2.jpg","contentUrl":"https:\/\/www.quidhotelvenice.com\/wp-content\/uploads\/sites\/557\/2024\/10\/voco-Venice-Mestre-The-Quid-Rooms-Standard-Room-Connecting_2.jpg","width":1800,"height":1200,"caption":"xr:d:DAFv1zrttXk:3,j:6213120131975390217,t:23092915"},{"@type":"BreadcrumbList","@id":"https:\/\/www.quidhotelvenice.com\/de\/servicleistungen\/servicleistungen-fuer-familien\/#breadcrumb","itemListElement":[{"@type":"ListItem","position":1,"name":"Home","item":"https:\/\/www.quidhotelvenice.com\/de\/"},{"@type":"ListItem","position":2,"name":"Servicleistungen","item":"https:\/\/www.quidhotelvenice.com\/de\/servicleistungen\/"},{"@type":"ListItem","position":3,"name":"Servicleistungen f\u00fcr Familien"}]},{"@type":"WebSite","@id":"https:\/\/www.quidhotelvenice.com\/de\/#website","url":"https:\/\/www.quidhotelvenice.com\/de\/","name":"Voco Venice Mestre","description":"","potentialAction":[{"@type":"SearchAction","target":{"@type":"EntryPoint","urlTemplate":"https:\/\/www.quidhotelvenice.com\/de\/?s={search_term_string}"},"query-input":{"@type":"PropertyValueSpecification","valueRequired":true,"valueName":"search_term_string"}}],"inLanguage":"de-DE"}]}},"acf":[],"_links":{"self":[{"href":"https:\/\/www.quidhotelvenice.com\/de\/wp-json\/wp\/v2\/pages\/109","targetHints":{"allow":["GET"]}}],"collection":[{"href":"https:\/\/www.quidhotelvenice.com\/de\/wp-json\/wp\/v2\/pages"}],"about":[{"href":"https:\/\/www.quidhotelvenice.com\/de\/wp-json\/wp\/v2\/types\/page"}],"author":[{"embeddable":true,"href":"https:\/\/www.quidhotelvenice.com\/de\/wp-json\/wp\/v2\/users\/6"}],"replies":[{"embeddable":true,"href":"https:\/\/www.quidhotelvenice.com\/de\/wp-json\/wp\/v2\/comments?post=109"}],"version-history":[{"count":0,"href":"https:\/\/www.quidhotelvenice.com\/de\/wp-json\/wp\/v2\/pages\/109\/revisions"}],"up":[{"embeddable":true,"href":"https:\/\/www.quidhotelvenice.com\/de\/wp-json\/wp\/v2\/pages\/92"}],"wp:featuredmedia":[{"embeddable":true,"href":"https:\/\/www.quidhotelvenice.com\/de\/wp-json\/wp\/v2\/media\/1539"}],"wp:attachment":[{"href":"https:\/\/www.quidhotelvenice.com\/de\/wp-json\/wp\/v2\/media?parent=109"}],"curies":[{"name":"wp","href":"https:\/\/api.w.org\/{rel}","templated":true}]}}