{"id":106,"date":"2023-07-20T08:28:31","date_gmt":"2023-07-20T08:28:31","guid":{"rendered":"https:\/\/voco-venice.ms.decms.eu\/servizi\/accessibilita\/"},"modified":"2023-08-29T14:49:19","modified_gmt":"2023-08-29T14:49:19","slug":"barrierefreiheit","status":"publish","type":"page","link":"https:\/\/www.quidhotelvenice.com\/de\/servicleistungen\/barrierefreiheit\/","title":{"rendered":"Barrierefreiheit"},"content":{"rendered":"<p><span style=\"font-weight: 400;\">Das voco\u00ae Venice Mestre wurde mit einem klaren Ziel gebaut: Es sollte f\u00fcr alle unsere G\u00e4ste <\/span><b>leicht zug\u00e4nglich<\/b><span style=\"font-weight: 400;\"> sein und eine gro\u00dfz\u00fcgige, lichtdurchflutete Umgebung <\/span><b>ohne architektonische Barrieren<\/b><span style=\"font-weight: 400;\"> schaffen.<\/span><\/p>\n<p><span style=\"font-weight: 400;\">Wir haben uns der voco\u00ae-Philosophie verschrieben, die in dem Satz &#8220; <\/span><b>Work hard, have<\/b> <b>fun<\/b><span style=\"font-weight: 400;\">&#8220; zum Ausdruck kommt, und wollten ein <\/span><b>Hotel <\/b><span style=\"font-weight: 400;\">schaffen, in dem <\/span><b>wirklich jeder<\/b><span style=\"font-weight: 400;\"> arbeiten, entspannen und Spa\u00df haben kann.\u00a0<\/span><\/p>\n<p><span style=\"font-weight: 400;\">Die <\/span><b>gro\u00dfz\u00fcgigen R\u00e4umlichkeiten<\/b><span style=\"font-weight: 400;\"> bieten unseren G\u00e4sten, die auf einen Rollstuhl angewiesen oder in ihrer Mobilit\u00e4t eingeschr\u00e4nkt sind, volle <\/span><b>Bewegungsfreiheit<\/b><span style=\"font-weight: 400;\">. Jedes Stockwerk ist bequem \u00fcber einen ger\u00e4umigen <\/span><b>Aufzug<\/b><span style=\"font-weight: 400;\"> zu erreichen und in beiden Parkbereichen stehen Behindertenparkpl\u00e4tze zur Verf\u00fcgung.\u00a0<\/span><\/p>\n<p><span style=\"font-weight: 400;\">Im voco\u00ae Venice Mestre haben Sie die Wahl zwischen <\/span><b>8 verschiedenen behindertengerechten Zimmern<\/b><span style=\"font-weight: 400;\"> [link pagina camere accessibili], die mit jeglichem Komfort ausgestattet und so eingerichtet sind, dass sie auch f\u00fcr unsere G\u00e4ste im Rollstuhl bequem und <\/span><b>entspannend<\/b><span style=\"font-weight: 400;\"> sind. Dar\u00fcber hinaus stehen Ihnen <\/span><b>aufmerksame und kompetente Mitarbeiter<\/b><span style=\"font-weight: 400;\"> zur Verf\u00fcgung, die alle Ihre Probleme l\u00f6sen und daf\u00fcr sorgen, dass Sie Ihren Aufenthalt genie\u00dfen.<\/span><\/p>\n","protected":false},"excerpt":{"rendered":"<p>Das voco\u00ae Venice Mestre wurde mit einem klaren Ziel gebaut: Es sollte f\u00fcr alle unsere G\u00e4ste leicht zug\u00e4nglich sein und eine gro\u00dfz\u00fcgige, lichtdurchflutete Umgebung ohne architektonische Barrieren schaffen. Wir haben uns der voco\u00ae-Philosophie verschrieben, die in dem Satz &#8220; Work hard, have fun&#8220; zum Ausdruck kommt, und wollten ein Hotel schaffen, in dem wirklich jeder [&hellip;]<\/p>\n","protected":false},"author":6,"featured_media":786,"parent":92,"menu_order":64,"comment_status":"closed","ping_status":"closed","template":"template-default-4.php","meta":{"footnotes":""},"class_list":["post-106","page","type-page","status-publish","has-post-thumbnail","hentry"],"yoast_head":"<!-- This site is optimized with the Yoast SEO plugin v26.9 - https:\/\/yoast.com\/product\/yoast-seo-wordpress\/ -->\n<title>Barrierefreies 4-Sterne-Hotel | voco\u00ae Venice Mestre<\/title>\n<meta name=\"description\" content=\"Im voco\u00ae Hotel verf\u00fcgen wir \u00fcber ideale Serviceleistungen f\u00fcr Barrierefreiheit: spezielle Parkpl\u00e4tze, barrierefreie Eing\u00e4nge und Zimmer.\" \/>\n<meta name=\"robots\" content=\"index, follow, max-snippet:-1, max-image-preview:large, max-video-preview:-1\" \/>\n<link rel=\"canonical\" href=\"https:\/\/www.quidhotelvenice.com\/de\/servicleistungen\/barrierefreiheit\/\" \/>\n<meta property=\"og:locale\" content=\"de_DE\" \/>\n<meta property=\"og:type\" content=\"article\" \/>\n<meta property=\"og:title\" content=\"Barrierefreies 4-Sterne-Hotel | voco\u00ae Venice Mestre\" \/>\n<meta property=\"og:description\" content=\"Im voco\u00ae Hotel verf\u00fcgen wir \u00fcber ideale Serviceleistungen f\u00fcr Barrierefreiheit: spezielle Parkpl\u00e4tze, barrierefreie Eing\u00e4nge und Zimmer.\" \/>\n<meta property=\"og:url\" content=\"https:\/\/www.quidhotelvenice.com\/de\/servicleistungen\/barrierefreiheit\/\" \/>\n<meta property=\"og:site_name\" content=\"Voco Venice Mestre\" \/>\n<meta property=\"article:modified_time\" content=\"2023-08-29T14:49:19+00:00\" \/>\n<meta property=\"og:image\" content=\"https:\/\/www.quidhotelvenice.com\/wp-content\/uploads\/sites\/557\/2023\/07\/Accessible-Hotel-voco-Venice-Mestre-The-Quid_1.jpg\" \/>\n\t<meta property=\"og:image:width\" content=\"2200\" \/>\n\t<meta property=\"og:image:height\" content=\"1200\" \/>\n\t<meta property=\"og:image:type\" content=\"image\/jpeg\" \/>\n<meta name=\"twitter:card\" content=\"summary_large_image\" \/>\n<meta name=\"twitter:label1\" content=\"Gesch\u00e4tzte Lesezeit\" \/>\n\t<meta name=\"twitter:data1\" content=\"1 Minute\" \/>\n<script type=\"application\/ld+json\" class=\"yoast-schema-graph\">{\"@context\":\"https:\/\/schema.org\",\"@graph\":[{\"@type\":\"WebPage\",\"@id\":\"https:\/\/www.quidhotelvenice.com\/de\/servicleistungen\/barrierefreiheit\/\",\"url\":\"https:\/\/www.quidhotelvenice.com\/de\/servicleistungen\/barrierefreiheit\/\",\"name\":\"Barrierefreies 4-Sterne-Hotel | voco\u00ae Venice Mestre\",\"isPartOf\":{\"@id\":\"https:\/\/www.quidhotelvenice.com\/de\/#website\"},\"primaryImageOfPage\":{\"@id\":\"https:\/\/www.quidhotelvenice.com\/de\/servicleistungen\/barrierefreiheit\/#primaryimage\"},\"image\":{\"@id\":\"https:\/\/www.quidhotelvenice.com\/de\/servicleistungen\/barrierefreiheit\/#primaryimage\"},\"thumbnailUrl\":\"https:\/\/www.quidhotelvenice.com\/wp-content\/uploads\/sites\/557\/2023\/07\/Accessible-Hotel-voco-Venice-Mestre-The-Quid_1.jpg\",\"datePublished\":\"2023-07-20T08:28:31+00:00\",\"dateModified\":\"2023-08-29T14:49:19+00:00\",\"description\":\"Im voco\u00ae Hotel verf\u00fcgen wir \u00fcber ideale Serviceleistungen f\u00fcr Barrierefreiheit: spezielle Parkpl\u00e4tze, barrierefreie Eing\u00e4nge und Zimmer.\",\"breadcrumb\":{\"@id\":\"https:\/\/www.quidhotelvenice.com\/de\/servicleistungen\/barrierefreiheit\/#breadcrumb\"},\"inLanguage\":\"de-DE\",\"potentialAction\":[{\"@type\":\"ReadAction\",\"target\":[\"https:\/\/www.quidhotelvenice.com\/de\/servicleistungen\/barrierefreiheit\/\"]}]},{\"@type\":\"ImageObject\",\"inLanguage\":\"de-DE\",\"@id\":\"https:\/\/www.quidhotelvenice.com\/de\/servicleistungen\/barrierefreiheit\/#primaryimage\",\"url\":\"https:\/\/www.quidhotelvenice.com\/wp-content\/uploads\/sites\/557\/2023\/07\/Accessible-Hotel-voco-Venice-Mestre-The-Quid_1.jpg\",\"contentUrl\":\"https:\/\/www.quidhotelvenice.com\/wp-content\/uploads\/sites\/557\/2023\/07\/Accessible-Hotel-voco-Venice-Mestre-The-Quid_1.jpg\",\"width\":2200,\"height\":1200},{\"@type\":\"BreadcrumbList\",\"@id\":\"https:\/\/www.quidhotelvenice.com\/de\/servicleistungen\/barrierefreiheit\/#breadcrumb\",\"itemListElement\":[{\"@type\":\"ListItem\",\"position\":1,\"name\":\"Home\",\"item\":\"https:\/\/www.quidhotelvenice.com\/de\/\"},{\"@type\":\"ListItem\",\"position\":2,\"name\":\"Servicleistungen\",\"item\":\"https:\/\/www.quidhotelvenice.com\/de\/servicleistungen\/\"},{\"@type\":\"ListItem\",\"position\":3,\"name\":\"Barrierefreiheit\"}]},{\"@type\":\"WebSite\",\"@id\":\"https:\/\/www.quidhotelvenice.com\/de\/#website\",\"url\":\"https:\/\/www.quidhotelvenice.com\/de\/\",\"name\":\"Voco Venice Mestre\",\"description\":\"\",\"potentialAction\":[{\"@type\":\"SearchAction\",\"target\":{\"@type\":\"EntryPoint\",\"urlTemplate\":\"https:\/\/www.quidhotelvenice.com\/de\/?s={search_term_string}\"},\"query-input\":{\"@type\":\"PropertyValueSpecification\",\"valueRequired\":true,\"valueName\":\"search_term_string\"}}],\"inLanguage\":\"de-DE\"}]}<\/script>\n<!-- \/ Yoast SEO plugin. -->","yoast_head_json":{"title":"Barrierefreies 4-Sterne-Hotel | voco\u00ae Venice Mestre","description":"Im voco\u00ae Hotel verf\u00fcgen wir \u00fcber ideale Serviceleistungen f\u00fcr Barrierefreiheit: spezielle Parkpl\u00e4tze, barrierefreie Eing\u00e4nge und Zimmer.","robots":{"index":"index","follow":"follow","max-snippet":"max-snippet:-1","max-image-preview":"max-image-preview:large","max-video-preview":"max-video-preview:-1"},"canonical":"https:\/\/www.quidhotelvenice.com\/de\/servicleistungen\/barrierefreiheit\/","og_locale":"de_DE","og_type":"article","og_title":"Barrierefreies 4-Sterne-Hotel | voco\u00ae Venice Mestre","og_description":"Im voco\u00ae Hotel verf\u00fcgen wir \u00fcber ideale Serviceleistungen f\u00fcr Barrierefreiheit: spezielle Parkpl\u00e4tze, barrierefreie Eing\u00e4nge und Zimmer.","og_url":"https:\/\/www.quidhotelvenice.com\/de\/servicleistungen\/barrierefreiheit\/","og_site_name":"Voco Venice Mestre","article_modified_time":"2023-08-29T14:49:19+00:00","og_image":[{"width":2200,"height":1200,"url":"https:\/\/www.quidhotelvenice.com\/wp-content\/uploads\/sites\/557\/2023\/07\/Accessible-Hotel-voco-Venice-Mestre-The-Quid_1.jpg","type":"image\/jpeg"}],"twitter_card":"summary_large_image","twitter_misc":{"Gesch\u00e4tzte Lesezeit":"1 Minute"},"schema":{"@context":"https:\/\/schema.org","@graph":[{"@type":"WebPage","@id":"https:\/\/www.quidhotelvenice.com\/de\/servicleistungen\/barrierefreiheit\/","url":"https:\/\/www.quidhotelvenice.com\/de\/servicleistungen\/barrierefreiheit\/","name":"Barrierefreies 4-Sterne-Hotel | voco\u00ae Venice Mestre","isPartOf":{"@id":"https:\/\/www.quidhotelvenice.com\/de\/#website"},"primaryImageOfPage":{"@id":"https:\/\/www.quidhotelvenice.com\/de\/servicleistungen\/barrierefreiheit\/#primaryimage"},"image":{"@id":"https:\/\/www.quidhotelvenice.com\/de\/servicleistungen\/barrierefreiheit\/#primaryimage"},"thumbnailUrl":"https:\/\/www.quidhotelvenice.com\/wp-content\/uploads\/sites\/557\/2023\/07\/Accessible-Hotel-voco-Venice-Mestre-The-Quid_1.jpg","datePublished":"2023-07-20T08:28:31+00:00","dateModified":"2023-08-29T14:49:19+00:00","description":"Im voco\u00ae Hotel verf\u00fcgen wir \u00fcber ideale Serviceleistungen f\u00fcr Barrierefreiheit: spezielle Parkpl\u00e4tze, barrierefreie Eing\u00e4nge und Zimmer.","breadcrumb":{"@id":"https:\/\/www.quidhotelvenice.com\/de\/servicleistungen\/barrierefreiheit\/#breadcrumb"},"inLanguage":"de-DE","potentialAction":[{"@type":"ReadAction","target":["https:\/\/www.quidhotelvenice.com\/de\/servicleistungen\/barrierefreiheit\/"]}]},{"@type":"ImageObject","inLanguage":"de-DE","@id":"https:\/\/www.quidhotelvenice.com\/de\/servicleistungen\/barrierefreiheit\/#primaryimage","url":"https:\/\/www.quidhotelvenice.com\/wp-content\/uploads\/sites\/557\/2023\/07\/Accessible-Hotel-voco-Venice-Mestre-The-Quid_1.jpg","contentUrl":"https:\/\/www.quidhotelvenice.com\/wp-content\/uploads\/sites\/557\/2023\/07\/Accessible-Hotel-voco-Venice-Mestre-The-Quid_1.jpg","width":2200,"height":1200},{"@type":"BreadcrumbList","@id":"https:\/\/www.quidhotelvenice.com\/de\/servicleistungen\/barrierefreiheit\/#breadcrumb","itemListElement":[{"@type":"ListItem","position":1,"name":"Home","item":"https:\/\/www.quidhotelvenice.com\/de\/"},{"@type":"ListItem","position":2,"name":"Servicleistungen","item":"https:\/\/www.quidhotelvenice.com\/de\/servicleistungen\/"},{"@type":"ListItem","position":3,"name":"Barrierefreiheit"}]},{"@type":"WebSite","@id":"https:\/\/www.quidhotelvenice.com\/de\/#website","url":"https:\/\/www.quidhotelvenice.com\/de\/","name":"Voco Venice Mestre","description":"","potentialAction":[{"@type":"SearchAction","target":{"@type":"EntryPoint","urlTemplate":"https:\/\/www.quidhotelvenice.com\/de\/?s={search_term_string}"},"query-input":{"@type":"PropertyValueSpecification","valueRequired":true,"valueName":"search_term_string"}}],"inLanguage":"de-DE"}]}},"acf":[],"_links":{"self":[{"href":"https:\/\/www.quidhotelvenice.com\/de\/wp-json\/wp\/v2\/pages\/106","targetHints":{"allow":["GET"]}}],"collection":[{"href":"https:\/\/www.quidhotelvenice.com\/de\/wp-json\/wp\/v2\/pages"}],"about":[{"href":"https:\/\/www.quidhotelvenice.com\/de\/wp-json\/wp\/v2\/types\/page"}],"author":[{"embeddable":true,"href":"https:\/\/www.quidhotelvenice.com\/de\/wp-json\/wp\/v2\/users\/6"}],"replies":[{"embeddable":true,"href":"https:\/\/www.quidhotelvenice.com\/de\/wp-json\/wp\/v2\/comments?post=106"}],"version-history":[{"count":0,"href":"https:\/\/www.quidhotelvenice.com\/de\/wp-json\/wp\/v2\/pages\/106\/revisions"}],"up":[{"embeddable":true,"href":"https:\/\/www.quidhotelvenice.com\/de\/wp-json\/wp\/v2\/pages\/92"}],"wp:featuredmedia":[{"embeddable":true,"href":"https:\/\/www.quidhotelvenice.com\/de\/wp-json\/wp\/v2\/media\/786"}],"wp:attachment":[{"href":"https:\/\/www.quidhotelvenice.com\/de\/wp-json\/wp\/v2\/media?parent=106"}],"curies":[{"name":"wp","href":"https:\/\/api.w.org\/{rel}","templated":true}]}}